{"id":59909,"date":"2025-01-22T08:01:50","date_gmt":"2025-01-22T07:01:50","guid":{"rendered":"https:\/\/ak47.nu\/produkt\/okategoriserad\/we-hi-capa-3-8-force-velociraptor-pistol-replica-silver-gbb-airsoft-6mm\/"},"modified":"2025-12-04T03:54:33","modified_gmt":"2025-12-04T02:54:33","slug":"we-hi-capa-3-8-force-velociraptor-replique-pistolet-argent","status":"publish","type":"product","link":"https:\/\/ak47.nu\/fr\/produit\/airsoft\/grongas\/pistoler-grongas\/we-hi-capa-3-8-force-velociraptor-replique-pistolet-argent\/","title":{"rendered":"WE Hi-Capa 3.8 Force Velociraptor R\u00e9plique Pistolet Argent"},"content":{"rendered":"<h1>WE Hi-Capa 3.8 Force Velociraptor R\u00e9plique Pistolet Argent - GBB Airsoft 6mm<\/h1>\n<h2>R\u00e9plique de Haute Qualit\u00e9 au Design Impressionnant<\/h2>\n<p>Le Hi-Capa 3.8 Force \"Velociraptor\" est une r\u00e9plique de pistolet \u00e0 gaz bas\u00e9e sur le Hi-Capa 3.8. La structure principale est en m\u00e9tal, tandis que les panneaux de la poign\u00e9e de pistolet pr\u00e9sentent une texture antid\u00e9rapante en polym\u00e8re durable. L'excellente qualit\u00e9 de fabrication et l'alignement pr\u00e9cis des pi\u00e8ces garantissent un fonctionnement pr\u00e9cis et sans probl\u00e8me. D\u00e9couvrez notre s\u00e9lection de <a href=\"https:\/\/ak47.nu\/fr\/butik\/\">Pistolets Airsoft<\/a> pour trouver des produits similaires.\n<\/p>\n<p>La r\u00e9plique est \u00e9quip\u00e9e d'un s\u00e9lecteur de s\u00e9curit\u00e9\/mode de tir ail\u00e9 et d'une s\u00e9curit\u00e9 de pression arri\u00e8re fonctionnelle, n\u00e9cessitant une priseCorrecte pour tirer. Un rail RIS \/ Picatinny de 22 mm \u00e0 l'avant permet la fixation de lampes tactiques et d'autres accessoires. Pour des options plus d\u00e9taill\u00e9es, consultez notre <a href=\"https:\/\/ak47.nu\/fr\/airsoft\/grongas\/pistoler-grongas\/\">cat\u00e9gorie d'accessoires Airsoft<\/a>. Ne manquez pas l'occasion d'explorer toute notre collection sur <a href=\"https:\/\/ak47.nu\/fr\/\">notre site web<\/a>.\n<\/p>\n<h3>Caract\u00e9ristiques Personnalis\u00e9es de la S\u00e9rie Force :<\/h3>\n<ul>\n <li>Culasse modifi\u00e9e et efficace en aluminium avec des encoches r\u00e9duisant le poids et des rainures en forme d'\u00e9cailles pour une meilleure prise en main.<\/li>\n <li>Organes de vis\u00e9e TRUGLO.<\/li>\n <li>Puits de chargeur en m\u00e9tal qui simplifie et acc\u00e9l\u00e8re les changements de chargeur.<\/li>\n <li>Marquages du fabricant grav\u00e9s sur la culasse.<\/li>\n<\/ul>\n<p>L'apparence du Hi-Capa 3.8 Force rend impossible de passer indiff\u00e9remment \u00e0 c\u00f4t\u00e9. Le Hi-Capa 3.8 classique semble presque pauvre en comparaison.\n<\/p>\n<p><strong>L'ensemble comprend :<\/strong><\/p>\n<ul>\n <li>R\u00e9plique<\/li>\n <li>Chargeur<\/li>\n<\/ul>\n<h3>Sp\u00e9cifications :<\/h3>\n<ul>\n <li><strong>Marque :<\/strong> WE<\/li>\n <li><strong>Couleur :<\/strong> Argent<\/li>\n <li><strong>Blow Back :<\/strong> Oui<\/li>\n <li><strong>Longueur du produit :<\/strong> 19,50 cm<\/li>\n <li><strong>Poids du produit :<\/strong> 950 g<\/li>\n <li><strong>Alimentation :<\/strong> Gaz<\/li>\n <li><strong>Mat\u00e9riau :<\/strong> M\u00e9tal, Polym\u00e8re<\/li>\n <li><strong>Vitesse initiale :<\/strong> 280 FPS<\/li>\n <li><strong>Mode de tir :<\/strong> Full-auto, Semi-auto<\/li>\n <li><strong>Hop-Up :<\/strong> Oui<\/li>\n <li><strong>Capacit\u00e9 du chargeur :<\/strong> 30 pi\u00e8ces<\/li>\n <li><strong>Type de chargeur :<\/strong> Low-cap<\/li>\n <li><strong>Code produit :<\/strong> WET-02-029572<\/li>\n<\/ul>","protected":false},"excerpt":{"rendered":"<p>WE Hi-Capa 3.8 Force Velociraptor R\u00e9plique Pistolet Argent &#8211; GBB Airsoft 6mm R\u00e9plique de Haute Qualit\u00e9 au Design Impressionnant Le Hi-Capa 3.8 Force &#8221;Velociraptor&#8221; est une r\u00e9plique de pistolet \u00e0 gaz bas\u00e9e sur le Hi-Capa 3.8. La structure principale est en m\u00e9tal, tandis que les panneaux de la poign\u00e9e de pistolet pr\u00e9sentent une texture antid\u00e9rapante [&#8230;]","protected":false},"featured_media":59900,"template":"","meta":[],"product_brand":[],"product_cat":[411],"product_tag":[],"class_list":{"0":"post-59909","1":"product","2":"type-product","3":"status-publish","4":"has-post-thumbnail","6":"product_cat-pistoler-grongas","7":"pa_brand-we","9":"first","10":"outofstock","11":"taxable","12":"shipping-taxable","13":"purchasable","14":"product-type-simple"},"_links":{"self":[{"href":"https:\/\/ak47.nu\/fr\/wp-json\/wp\/v2\/product\/59909","targetHints":{"allow":["GET"]}}],"collection":[{"href":"https:\/\/ak47.nu\/fr\/wp-json\/wp\/v2\/product"}],"about":[{"href":"https:\/\/ak47.nu\/fr\/wp-json\/wp\/v2\/types\/product"}],"wp:featuredmedia":[{"embeddable":true,"href":"https:\/\/ak47.nu\/fr\/wp-json\/wp\/v2\/media\/59900"}],"wp:attachment":[{"href":"https:\/\/ak47.nu\/fr\/wp-json\/wp\/v2\/media?parent=59909"}],"wp:term":[{"taxonomy":"product_brand","embeddable":true,"href":"https:\/\/ak47.nu\/fr\/wp-json\/wp\/v2\/product_brand?post=59909"},{"taxonomy":"product_cat","embeddable":true,"href":"https:\/\/ak47.nu\/fr\/wp-json\/wp\/v2\/product_cat?post=59909"},{"taxonomy":"product_tag","embeddable":true,"href":"https:\/\/ak47.nu\/fr\/wp-json\/wp\/v2\/product_tag?post=59909"}],"curies":[{"name":"wp","href":"https:\/\/api.w.org\/{rel}","templated":true}]}}