{"id":59915,"date":"2025-01-22T09:34:30","date_gmt":"2025-01-22T08:34:30","guid":{"rendered":"https:\/\/ak47.nu\/produkt\/okategoriserad\/specna-arms-one-airsoftkulor-6mm-1000-biodegradable-bbs-02g\/"},"modified":"2026-02-02T18:43:36","modified_gmt":"2026-02-02T17:43:36","slug":"billes-airsoft-bio-specna-arms-one-02g-6mm","status":"publish","type":"product","link":"https:\/\/ak47.nu\/fr\/produit\/tillbehor-2\/ammo\/6mm-airsoft\/billes-airsoft-bio-specna-arms-one-02g-6mm\/","title":{"rendered":"Billes Airsoft Bio Specna Arms ONE 0.2g 6mm | 1000 unit\u00e9s"},"content":{"rendered":"<h1>Billes Airsoft Bio Specna Arms ONE - 6mm, 0.2g<\/h1>\n<h2>Billes airsoft biod\u00e9gradables et de haute qualit\u00e9 de Specna Arms<\/h2>\n<p>Les billes Specna Arms ONE BIO sont des billes de pr\u00e9cision de 6mm (+\/- 0.005mm) fabriqu\u00e9es par Specna Arms, connue pour ses r\u00e9pliques d'airsoft innovantes et de haute qualit\u00e9. Ces billes biod\u00e9gradables sont parfaites pour les joueurs d'airsoft recherchant un \u00e9quilibre entre performance et responsabilit\u00e9 environnementale. Avec la s\u00e9rie ONE, Specna Arms \u00e9largit sa gamme, offrant des munitions professionnelles pour l'airsoft.  <a href=\"https:\/\/ak47.nu\/fr\/\">Specna Arms<\/a> ONE BBs offrent une qualit\u00e9 sup\u00e9rieure \u00e0 un prix abordable pour tous vos besoins en munitions d'airsoft.<\/p>\n<h3>Avantages des billes Bio Specna Arms ONE :<\/h3>\n<ul>\n <li><strong>Haute pr\u00e9cision :<\/strong> Diam\u00e8tre de 5.95 mm (+\/- 0.005 mm) assurant la pr\u00e9cision.<\/li>\n <li><strong>Biod\u00e9gradables :<\/strong> Fabriqu\u00e9es \u00e0 partir de mat\u00e9riaux qui se d\u00e9composent naturellement.<\/li>\n <li><strong>Polies et rev\u00eatues :<\/strong> Soigneusement polies et rev\u00eatues pour une friction r\u00e9duite et une meilleure coop\u00e9ration avec le bucking Hop-Up.<\/li>\n <li><strong>R\u00e9p\u00e9tabilit\u00e9 impeccable :<\/strong> Pas de bulles d'air et centre de gravit\u00e9 bien r\u00e9parti pour des tirs constants.<\/li>\n<\/ul>\n<p>Chaque bille est m\u00e9ticuleusement polie pour obtenir une brillance \u00e9lev\u00e9e et rev\u00eatue d'une couche sp\u00e9ciale qui r\u00e9duit la friction, am\u00e9liorant la coop\u00e9ration avec le bucking Hop-Up et augmentant la pr\u00e9cision. Le processus de production enti\u00e8rement contr\u00f4l\u00e9 garantit que chaque bille est parfaitement sph\u00e9rique sans coutures ni imperfections visibles. Gr\u00e2ce \u00e0 l'absence de bulles d'air \u00e0 l'int\u00e9rieur et \u00e0 un centre de gravit\u00e9 bien r\u00e9parti, une r\u00e9p\u00e9tabilit\u00e9 presque parfaite est atteinte \u00e0 chaque tir. Ces <a href=\"https:\/\/ak47.nu\/fr\/tillbehor-2\/ammo\/6mm-airsoft\/\">billes d'airsoft de 6 mm<\/a> ont un diam\u00e8tre de 5.95 mm (+\/- 0.005 mm), et les diff\u00e9rences de poids ne d\u00e9passent pas 0.01 g. Cela les rend adapt\u00e9es aux canons standard et de pr\u00e9cision, o\u00f9 elles peuvent fonctionner de mani\u00e8re optimale.<\/p>\n<p>Les billes Specna Arms ONE BIO sont le choix \u00e9vident pour les joueurs d'airsoft qui veulent des billes de haute qualit\u00e9 \u00e0 la fois pr\u00e9cises et \u00e9cologiques. Compl\u00e9tez votre \u00e9quipement avec ces <a href=\"https:\/\/ak47.nu\/fr\/butik\/\">accessoires d'airsoft<\/a> et faites l'exp\u00e9rience de la diff\u00e9rence dans votre jeu.<\/p>\n<p><strong>Sp\u00e9cifications :<\/strong><\/p>\n<ul>\n <li><strong>Marque :<\/strong> Specna Arms<\/li>\n <li><strong>Poids de la bille :<\/strong> 0.20 g<\/li>\n <li><strong>Couleur :<\/strong> Blanc<\/li>\n <li><strong>Poids :<\/strong> 210 g<\/li>\n <li><strong>Quantit\u00e9 :<\/strong> ~1000 pcs<\/li>\n <li><strong>Type :<\/strong> Bio (biod\u00e9gradable)<\/li>\n <li><strong>Diam\u00e8tre :<\/strong> 5.95 mm (+\/- 0.005 mm)<\/li>\n<\/ul>\n<a href=\"https:\/\/ak47.nu\/fr\/butik\/\">D\u00e9couvrez notre large gamme de produits d'airsoft !<\/a>","protected":false},"excerpt":{"rendered":"<p>Billes Airsoft Bio Specna Arms ONE &#8211; 6mm, 0.2g Billes airsoft biod\u00e9gradables et de haute qualit\u00e9 de Specna Arms Les billes Specna Arms ONE BIO sont des billes de pr\u00e9cision de 6mm (+\/- 0.005mm) fabriqu\u00e9es par Specna Arms, connue pour ses r\u00e9pliques d&#8217;airsoft innovantes et de haute qualit\u00e9. Ces billes biod\u00e9gradables sont parfaites pour les [&#8230;]","protected":false},"featured_media":59914,"template":"","meta":[],"product_brand":[],"product_cat":[459],"product_tag":[],"class_list":{"0":"post-59915","1":"product","2":"type-product","3":"status-publish","4":"has-post-thumbnail","6":"product_cat-6mm-airsoft","7":"pa_brand-specna-arms","9":"first","10":"instock","11":"sale","12":"taxable","13":"shipping-taxable","14":"purchasable","15":"product-type-simple"},"_links":{"self":[{"href":"https:\/\/ak47.nu\/fr\/wp-json\/wp\/v2\/product\/59915","targetHints":{"allow":["GET"]}}],"collection":[{"href":"https:\/\/ak47.nu\/fr\/wp-json\/wp\/v2\/product"}],"about":[{"href":"https:\/\/ak47.nu\/fr\/wp-json\/wp\/v2\/types\/product"}],"wp:featuredmedia":[{"embeddable":true,"href":"https:\/\/ak47.nu\/fr\/wp-json\/wp\/v2\/media\/59914"}],"wp:attachment":[{"href":"https:\/\/ak47.nu\/fr\/wp-json\/wp\/v2\/media?parent=59915"}],"wp:term":[{"taxonomy":"product_brand","embeddable":true,"href":"https:\/\/ak47.nu\/fr\/wp-json\/wp\/v2\/product_brand?post=59915"},{"taxonomy":"product_cat","embeddable":true,"href":"https:\/\/ak47.nu\/fr\/wp-json\/wp\/v2\/product_cat?post=59915"},{"taxonomy":"product_tag","embeddable":true,"href":"https:\/\/ak47.nu\/fr\/wp-json\/wp\/v2\/product_tag?post=59915"}],"curies":[{"name":"wp","href":"https:\/\/api.w.org\/{rel}","templated":true}]}}