{"id":60993,"date":"2025-07-24T11:24:37","date_gmt":"2025-07-24T09:24:37","guid":{"rendered":"https:\/\/new.ak47.nu\/produkt\/uncategorized\/handgjorda-revolverbalten-i-premium-tarnsjo-lader-fran-jj-custom-works-hallbart-hantverk-2\/"},"modified":"2025-12-04T03:54:45","modified_gmt":"2025-12-04T02:54:45","slug":"ceinture-revolver-artisanale-cuir-tarnsjo-15","status":"publish","type":"product","link":"https:\/\/ak47.nu\/fr\/produit\/tillbehor-2\/troupes\/ceinture-revolver-artisanale-cuir-tarnsjo-15\/","title":{"rendered":"Ceinture Revolver Artisanale Cuir T\u00e4rnsj\u00f6 | JJ Custom Works"},"content":{"rendered":"<h1>Ceintures Revolver Fabriqu\u00e9es \u00e0 la Main en Cuir Premium T\u00e4rnsj\u00f6 de JJ Custom Works<\/h1>\n<h2>Ceintures revolver de haute qualit\u00e9 en cuir su\u00e9dois<\/h2>\n<p>Investissez dans une ceinture revolver fabriqu\u00e9e \u00e0 la main par JJ Custom Works, confectionn\u00e9e en cuir T\u00e4rnsj\u00f6 de premi\u00e8re qualit\u00e9 ! Nos ceintures ne sont pas seulement un accessoire \u00e9l\u00e9gant, mais aussi un investissement durable qui dure toute une vie avec un entretien appropri\u00e9. Chaque ceinture est fabriqu\u00e9e avec soin \u00e0 Arboga, en Su\u00e8de, \u00e0 partir de cuir tann\u00e9 v\u00e9g\u00e9tal de T\u00e4rnsj\u00f6 Garveri, r\u00e9put\u00e9 pour sa qualit\u00e9 exceptionnelle. <a href=\"https:\/\/ak47.nu\/fr\/butik\/\">Explorez notre gamme de ceintures revolver<\/a> et trouvez la ceinture parfaite pour vos besoins.<\/p>\n<h3>Personnalisable et \u00e9cologique<\/h3>\n<p>Nos ceintures revolver sont personnalisables et disponibles dans des milliers de variantes. Choisissez parmi diff\u00e9rentes longueurs, couleurs (au moins 13 options) et motifs. Contrairement aux produits tann\u00e9s au chrome, nous utilisons du cuir tann\u00e9 v\u00e9g\u00e9tal, qui est \u00e9cologique et non toxique.  Le cuir provient de vaches su\u00e9doises r\u00e9pondant aux normes de bien-\u00eatre animal les plus strictes au monde, ce qui garantit \u00e0 la fois qualit\u00e9 et durabilit\u00e9. Visitez <a href=\"https:\/\/ak47.nu\/fr\/tillbehor-2\/troupes\/\">notre cat\u00e9gorie de ceintures en cuir<\/a> pour voir toutes les options.<\/p>\n<h3>D\u00e9tails du produit<\/h3>\n<ul>\n <li><strong>Longueur :<\/strong> Personnalisable, standard 100 cm (disponible pour 90-110 cm)<\/li>\n <li><strong>Largeur :<\/strong> 7 cm<\/li>\n <li><strong>\u00c9paisseur :<\/strong> 2-3mm<\/li>\n <li><strong>Couleur :<\/strong> Brun dor\u00e9 (de l\u00e9g\u00e8res variations peuvent survenir en raison de la teinture \u00e0 la main)<\/li>\n <li><strong>Nombre de porte-cartouches :<\/strong> 12 pi\u00e8ces<\/li>\n <li><strong>Diam\u00e8tre de la cartouche :<\/strong> 10 mm<\/li>\n<\/ul>\n<h3>Pourquoi choisir nos ceintures revolver<\/h3>\n<ol>\n <li><strong>Conception personnalisable :<\/strong> Nous offrons des milliers de variations pour r\u00e9pondre \u00e0 vos besoins.<\/li>\n <li><strong>Mat\u00e9riau \u00e9cologique :<\/strong> Cuir tann\u00e9 v\u00e9g\u00e9tal de vaches su\u00e9doises.<\/li>\n <li><strong>Durable et r\u00e9parable :<\/strong> Facile \u00e0 remplacer les rivets ou \u00e0 r\u00e9parer les coutures.<\/li>\n<\/ol>\n<p>Pour prolonger la dur\u00e9e de vie de votre ceinture, nous recommandons un traitement r\u00e9gulier avec de la graisse pour cuir. Cela pr\u00e9serve la souplesse et la belle finition du cuir. Nos ceintures revolver sont fi\u00e8rement fabriqu\u00e9es en Su\u00e8de et repr\u00e9sentent un choix durable pour l'environnement et l'avenir.  <a href=\"https:\/\/ak47.nu\/fr\/\">Visitez JJ Custom Works<\/a> pour commander votre ceinture revolver unique d\u00e8s aujourd'hui !<\/p>\n<ul>\n <li>Cuir su\u00e9dois de premi\u00e8re qualit\u00e9 de T\u00e4rnsj\u00f6 Garveri.<\/li>\n <li>Artisanat avec fiert\u00e9, fabriqu\u00e9 localement en Su\u00e8de.<\/li>\n <li>Sans produits chimiques dangereux.<\/li>\n <li>Produit localement avec une fabrication \u00e9cologique et \u00e9thique.<\/li>\n<\/ul>","protected":false},"excerpt":{"rendered":"<p>Ceintures Revolver Fabriqu\u00e9es \u00e0 la Main en Cuir Premium T\u00e4rnsj\u00f6 de JJ Custom Works Ceintures revolver de haute qualit\u00e9 en cuir su\u00e9dois Investissez dans une ceinture revolver fabriqu\u00e9e \u00e0 la main par JJ Custom Works, confectionn\u00e9e en cuir T\u00e4rnsj\u00f6 de premi\u00e8re qualit\u00e9 ! Nos ceintures ne sont pas seulement un accessoire \u00e9l\u00e9gant, mais aussi un [&#8230;]","protected":false},"featured_media":61976,"template":"","meta":[],"product_brand":[],"product_cat":[563],"product_tag":[],"class_list":{"0":"post-60993","1":"product","2":"type-product","3":"status-publish","4":"has-post-thumbnail","6":"product_cat-holsters","7":"pa_brand-jj-custom-works","9":"first","10":"instock","11":"taxable","12":"shipping-taxable","13":"purchasable","14":"product-type-simple"},"_links":{"self":[{"href":"https:\/\/ak47.nu\/fr\/wp-json\/wp\/v2\/product\/60993","targetHints":{"allow":["GET"]}}],"collection":[{"href":"https:\/\/ak47.nu\/fr\/wp-json\/wp\/v2\/product"}],"about":[{"href":"https:\/\/ak47.nu\/fr\/wp-json\/wp\/v2\/types\/product"}],"wp:featuredmedia":[{"embeddable":true,"href":"https:\/\/ak47.nu\/fr\/wp-json\/wp\/v2\/media\/61976"}],"wp:attachment":[{"href":"https:\/\/ak47.nu\/fr\/wp-json\/wp\/v2\/media?parent=60993"}],"wp:term":[{"taxonomy":"product_brand","embeddable":true,"href":"https:\/\/ak47.nu\/fr\/wp-json\/wp\/v2\/product_brand?post=60993"},{"taxonomy":"product_cat","embeddable":true,"href":"https:\/\/ak47.nu\/fr\/wp-json\/wp\/v2\/product_cat?post=60993"},{"taxonomy":"product_tag","embeddable":true,"href":"https:\/\/ak47.nu\/fr\/wp-json\/wp\/v2\/product_tag?post=60993"}],"curies":[{"name":"wp","href":"https:\/\/api.w.org\/{rel}","templated":true}]}}