{"id":61001,"date":"2025-07-24T11:33:32","date_gmt":"2025-07-24T09:33:32","guid":{"rendered":"https:\/\/new.ak47.nu\/produkt\/uncategorized\/handgjorda-revolverbalten-i-premium-tarnsjo-lader-fran-jj-custom-works-hallbart-hantverk-10\/"},"modified":"2025-12-04T03:54:58","modified_gmt":"2025-12-04T02:54:58","slug":"ceinture-revolver-artisanale-cuir-tarnsjo-10","status":"publish","type":"product","link":"https:\/\/ak47.nu\/fr\/produit\/tillbehor-2\/troupes\/ceinture-revolver-artisanale-cuir-tarnsjo-10\/","title":{"rendered":"Ceinture Revolver Artisanale Cuir Premium | JJ Custom Works"},"content":{"rendered":"<h1>Ceintures de Revolver Artisanales en Cuir Premium T\u00e4rnsj\u00f6<\/h1>\n<h2>Ceintures de revolver de haute qualit\u00e9 fabriqu\u00e9es en Su\u00e8de<\/h2>\n<p><strong>Ceintures de revolver artisanales en cuir su\u00e9dois premium T\u00e4rnsj\u00f6 \u2013 parfaites pour ceux qui recherchent qualit\u00e9 et durabilit\u00e9\u00a0!<\/strong> Nos ceintures de revolver sont soigneusement fabriqu\u00e9es \u00e0 Arboga \u00e0 partir de cuir tann\u00e9 v\u00e9g\u00e9tal de T\u00e4rnsj\u00f6 Garveri. Chaque ceinture est fabriqu\u00e9e \u00e0 la main et, avec un entretien appropri\u00e9, elle durera toute une vie. Investissez dans une ceinture qui allie style et durabilit\u00e9. D\u00e9couvrez notre s\u00e9lection de <a href=\"https:\/\/ak47.nu\/fr\/butik\/\">ceintures en cuir premium<\/a> d\u00e8s aujourd\u2019hui\u00a0!<\/p>\n<h3>D\u00e9tails du produit:<\/h3>\n<ul>\n    <li><strong>Longueur\u00a0:<\/strong> personnalisable, standard 130\u00a0cm (disponible pour 120-140\u00a0cm)<\/li>\n    <li><strong>Largeur\u00a0:<\/strong> 7\u00a0cm<\/li>\n    <li><strong>\u00c9paisseur\u00a0:<\/strong> 2-3\u00a0mm<\/li>\n    <li><strong>Couleur\u00a0:<\/strong> Noir (de l\u00e9g\u00e8res variations peuvent survenir en raison de la teinture \u00e0 la main)<\/li>\n    <li><strong>Nombre de porte-cartouches\u00a0:<\/strong> 12\u00a0pi\u00e8ces<\/li>\n    <li><strong>Diam\u00e8tre de la cartouche\u00a0:<\/strong> 10\u00a0mm<\/li>\n<\/ul>\n<h3>Pourquoi choisir nos ceintures de revolver\u00a0?<\/h3>\n<ol>\n    <li><strong>Design personnalisable\u00a0:<\/strong> Des milliers de variations, y compris les longueurs et les couleurs, pour r\u00e9pondre \u00e0 vos besoins.<\/li>\n    <li><strong>Mat\u00e9riau \u00e9cologique\u00a0:<\/strong> Cuir tann\u00e9 v\u00e9g\u00e9tal provenant de vaches su\u00e9doises b\u00e9n\u00e9ficiant d\u2019une protection animale de premier plan au niveau mondial. Sans chrome.<\/li>\n    <li><strong>Durable et r\u00e9parable\u00a0:<\/strong> Ceintures durables, faciles \u00e0 r\u00e9parer et \u00e0 entretenir.<\/li>\n<\/ol>\n<p>Pour prolonger la dur\u00e9e de vie, lubrifiez r\u00e9guli\u00e8rement la ceinture avec de la graisse pour cuir. Cela pr\u00e9serve la souplesse et la finition du cuir. Nos ceintures repr\u00e9sentent un choix durable pour l\u2019avenir et sont produites localement en Su\u00e8de pour garantir la plus haute qualit\u00e9. D\u00e9couvrez notre gamme d\u2019<a href=\"https:\/\/ak47.nu\/fr\/tillbehor-2\/troupes\/\">articles en cuir<\/a> et trouvez la ceinture parfaite pour vous. Visitez <a href=\"https:\/\/ak47.nu\/fr\/\">notre site web<\/a> pour d\u00e9couvrir toute la collection\u00a0!<\/p>\n<h3>Avantages de nos ceintures de revolver\u00a0:<\/h3>\n<ul>\n    <li>Cuir su\u00e9dois premium de T\u00e4rnsj\u00f6 Garveri.<\/li>\n    <li>Fabriqu\u00e9 localement en Su\u00e8de.<\/li>\n    <li>Produit de mani\u00e8re \u00e9cologique et \u00e9thique.<\/li>\n    <li>Des milliers d\u2019options de personnalisation.<\/li>\n<\/ul>\n<p>Commandez votre ceinture de revolver artisanale d\u00e8s aujourd\u2019hui et d\u00e9couvrez la qualit\u00e9 su\u00e9doise de classe mondiale\u00a0! Les ceintures sont exemptes de produits chimiques dangereux, produites localement et respectueuses de l\u2019environnement.<\/p>","protected":false},"excerpt":{"rendered":"<p>Ceintures de Revolver Artisanales en Cuir Premium T\u00e4rnsj\u00f6 Ceintures de revolver de haute qualit\u00e9 fabriqu\u00e9es en Su\u00e8de Ceintures de revolver artisanales en cuir su\u00e9dois premium T\u00e4rnsj\u00f6 \u2013 parfaites pour ceux qui recherchent qualit\u00e9 et durabilit\u00e9\u00a0! Nos ceintures de revolver sont soigneusement fabriqu\u00e9es \u00e0 Arboga \u00e0 partir de cuir tann\u00e9 v\u00e9g\u00e9tal de T\u00e4rnsj\u00f6 Garveri. Chaque ceinture [&#8230;]","protected":false},"featured_media":61898,"template":"","meta":[],"product_brand":[],"product_cat":[563],"product_tag":[],"class_list":{"0":"post-61001","1":"product","2":"type-product","3":"status-publish","4":"has-post-thumbnail","6":"product_cat-holsters","7":"pa_brand-jj-custom-works","8":"pa_farg-svart","10":"first","11":"instock","12":"taxable","13":"shipping-taxable","14":"purchasable","15":"product-type-simple"},"_links":{"self":[{"href":"https:\/\/ak47.nu\/fr\/wp-json\/wp\/v2\/product\/61001","targetHints":{"allow":["GET"]}}],"collection":[{"href":"https:\/\/ak47.nu\/fr\/wp-json\/wp\/v2\/product"}],"about":[{"href":"https:\/\/ak47.nu\/fr\/wp-json\/wp\/v2\/types\/product"}],"wp:featuredmedia":[{"embeddable":true,"href":"https:\/\/ak47.nu\/fr\/wp-json\/wp\/v2\/media\/61898"}],"wp:attachment":[{"href":"https:\/\/ak47.nu\/fr\/wp-json\/wp\/v2\/media?parent=61001"}],"wp:term":[{"taxonomy":"product_brand","embeddable":true,"href":"https:\/\/ak47.nu\/fr\/wp-json\/wp\/v2\/product_brand?post=61001"},{"taxonomy":"product_cat","embeddable":true,"href":"https:\/\/ak47.nu\/fr\/wp-json\/wp\/v2\/product_cat?post=61001"},{"taxonomy":"product_tag","embeddable":true,"href":"https:\/\/ak47.nu\/fr\/wp-json\/wp\/v2\/product_tag?post=61001"}],"curies":[{"name":"wp","href":"https:\/\/api.w.org\/{rel}","templated":true}]}}