{"id":61002,"date":"2025-07-24T11:33:44","date_gmt":"2025-07-24T09:33:44","guid":{"rendered":"https:\/\/new.ak47.nu\/produkt\/uncategorized\/handgjorda-revolverbalten-i-premium-tarnsjo-lader-fran-jj-custom-works-hallbart-hantverk-11\/"},"modified":"2026-03-17T14:07:50","modified_gmt":"2026-03-17T13:07:50","slug":"ceintures-revolver-artisanales-cuir-tarnsjo","status":"publish","type":"product","link":"https:\/\/ak47.nu\/fr\/produit\/tillbehor-2\/troupes\/ceintures-revolver-artisanales-cuir-tarnsjo\/","title":{"rendered":"Ceintures Revolver Artisanales en Cuir T\u00e4rnsj\u00f6 | JJ Custom Works"},"content":{"rendered":"<h1>Ceintures Revolver Artisanales en Cuir Premium T\u00e4rnsj\u00f6<\/h1><h2>Parfaites pour la Qualit\u00e9 et la Durabilit\u00e9<\/h2><p>Ces ceintures revolver artisanales sont fabriqu\u00e9es en Su\u00e8de \u00e0 partir de cuir tann\u00e9 v\u00e9g\u00e9tal de T\u00e4rnsj\u00f6 Garveri. Chaque ceinture est personnalisable et, avec un entretien appropri\u00e9, dure toute une vie. Un investissement dans le style et la durabilit\u00e9.<\/p><h3>D\u00e9tails du Produit :<\/h3><ul><li><strong>Longueur :<\/strong> Personnalisable, standard 90 cm (disponible pour 80-100 cm)<\/li><li><strong>Largeur :<\/strong> 7 cm<\/li><li><strong>\u00c9paisseur :<\/strong> 2-3mm<\/li><li><strong>Couleur :<\/strong> Rouge (de l\u00e9g\u00e8res variations peuvent survenir en raison de la teinture \u00e0 la main)<\/li><li><strong>Nombre de Supports de Cartouches :<\/strong> 12 pi\u00e8ces<\/li><li><strong>Diam\u00e8tre de la Cartouche :<\/strong> 10 mm<\/li><\/ul><h3>Pourquoi Nos Ceintures Revolver Sont Sp\u00e9ciales<\/h3><ol><li><strong>Design Personnalisable :<\/strong><br>Des milliers de variations avec diff\u00e9rentes longueurs et couleurs. Nos ceintures sont con\u00e7ues pour r\u00e9pondre \u00e0 vos besoins.<\/li><li><strong>Mat\u00e9riau Respectueux de l'Environnement :<\/strong><br>Cuir tann\u00e9 v\u00e9g\u00e9tal, qui est \u00e9cologique et non toxique. Ce cuir provient de vaches su\u00e9doises respectant les normes de bien-\u00eatre animal les plus strictes.<\/li><li><strong>Durables et R\u00e9parables :<\/strong><br>Durables et faciles \u00e0 r\u00e9parer. Vous pouvez remplacer les rivets ou r\u00e9parer les coutures sans probl\u00e8me.<\/li><\/ol><p>Pour prolonger la dur\u00e9e de vie de votre ceinture, nous vous recommandons de la graisser r\u00e9guli\u00e8rement avec de la graisse pour cuir. Cela pr\u00e9serve la souplesse et la belle finition du cuir.<\/p><h3>Pourquoi Choisir Nos Ceintures Revolver<\/h3><ul><li><strong>Cuir Su\u00e9dois Premium :<\/strong> De T\u00e4rnsj\u00f6 Garveri.<\/li><li><strong>Artisanat avec Fiert\u00e9 :<\/strong> Fabriqu\u00e9es localement en Su\u00e8de.<\/li><li><strong>Durabilit\u00e9 :<\/strong> Un choix pour l'environnement et l'avenir.<\/li><li><strong>Design Unique :<\/strong> Des milliers d'options de personnalisation.<\/li><\/ul><p>Commandez votre ceinture revolver artisanale d\u00e8s aujourd'hui ! Cliquez pour acheter votre ceinture chez <a href=\"https:\/\/ak47.nu\/fr\/butik\/\">Travaux sur mesure JJ<\/a> et d\u00e9couvrez la qualit\u00e9 su\u00e9doise. Nos ceintures revolver sont exemptes de produits chimiques dangereux, produites localement et b\u00e9n\u00e9ficient d'une fabrication respectueuse de l'environnement et \u00e9thique. Vous pouvez trouver toutes nos <a href=\"https:\/\/ak47.nu\/fr\/tillbehor-2\/troupes\/\">ceintures en cuir<\/a> ici, et notre <a href=\"https:\/\/ak47.nu\/fr\/\">site web<\/a> ici.<\/p><p>C'est ce qu'il a dit <strong>Exemptes de produits chimiques dangereux<\/strong><br>C'est ce qu'il a dit <strong>Produites localement<\/strong><br>C'est ce qu'il a dit <strong>Fabrication respectueuse de l'environnement et \u00e9thique<\/strong><\/p>","protected":false},"excerpt":{"rendered":"<p>Ceintures Revolver Artisanales en Cuir Premium T\u00e4rnsj\u00f6Parfaites pour la Qualit\u00e9 et la Durabilit\u00e9Ces ceintures revolver artisanales sont fabriqu\u00e9es en Su\u00e8de \u00e0 partir de cuir tann\u00e9 v\u00e9g\u00e9tal de T\u00e4rnsj\u00f6 Garveri. Chaque ceinture est personnalisable et, avec un entretien appropri\u00e9, dure toute une vie. Un investissement dans le style et la durabilit\u00e9.D\u00e9tails du Produit :Longueur : Personnalisable, [&#8230;]","protected":false},"featured_media":62224,"template":"","meta":[],"product_brand":[],"product_cat":[563],"product_tag":[],"class_list":{"0":"post-61002","1":"product","2":"type-product","3":"status-publish","4":"has-post-thumbnail","6":"product_cat-holsters","7":"pa_brand-jj-custom-works","8":"pa_farg-rod","10":"first","11":"instock","12":"taxable","13":"shipping-taxable","14":"purchasable","15":"product-type-simple"},"_links":{"self":[{"href":"https:\/\/ak47.nu\/fr\/wp-json\/wp\/v2\/product\/61002","targetHints":{"allow":["GET"]}}],"collection":[{"href":"https:\/\/ak47.nu\/fr\/wp-json\/wp\/v2\/product"}],"about":[{"href":"https:\/\/ak47.nu\/fr\/wp-json\/wp\/v2\/types\/product"}],"wp:featuredmedia":[{"embeddable":true,"href":"https:\/\/ak47.nu\/fr\/wp-json\/wp\/v2\/media\/62224"}],"wp:attachment":[{"href":"https:\/\/ak47.nu\/fr\/wp-json\/wp\/v2\/media?parent=61002"}],"wp:term":[{"taxonomy":"product_brand","embeddable":true,"href":"https:\/\/ak47.nu\/fr\/wp-json\/wp\/v2\/product_brand?post=61002"},{"taxonomy":"product_cat","embeddable":true,"href":"https:\/\/ak47.nu\/fr\/wp-json\/wp\/v2\/product_cat?post=61002"},{"taxonomy":"product_tag","embeddable":true,"href":"https:\/\/ak47.nu\/fr\/wp-json\/wp\/v2\/product_tag?post=61002"}],"curies":[{"name":"wp","href":"https:\/\/api.w.org\/{rel}","templated":true}]}}