{"id":61004,"date":"2025-07-24T11:34:47","date_gmt":"2025-07-24T09:34:47","guid":{"rendered":"https:\/\/new.ak47.nu\/produkt\/uncategorized\/handgjorda-revolverbalten-i-premium-tarnsjo-lader-fran-jj-custom-works-hallbart-hantverk-13\/"},"modified":"2026-03-17T14:07:57","modified_gmt":"2026-03-17T13:07:57","slug":"ceinture-revolver-artisanale-cuir-tarnsjo-8","status":"publish","type":"product","link":"https:\/\/ak47.nu\/fr\/produit\/tillbehor-2\/troupes\/ceinture-revolver-artisanale-cuir-tarnsjo-8\/","title":{"rendered":"Ceinture Revolver Artisanale Cuir T\u00e4rnsj\u00f6 | JJ Custom Works"},"content":{"rendered":"<h1>Ceintures de Revolver Artisanales en Cuir Premium T\u00e4rnsj\u00f6<\/h1><h2>Ceintures de revolver de haute qualit\u00e9 fabriqu\u00e9es en Su\u00e8de<\/h2><p>D\u00e9couvrez nos ceintures de revolver artisanales en cuir premium T\u00e4rnsj\u00f6, parfaites pour ceux qui appr\u00e9cient la qualit\u00e9 et la durabilit\u00e9. Fabriqu\u00e9es \u00e0 Arboga avec du cuir tann\u00e9 v\u00e9g\u00e9tal de T\u00e4rnsj\u00f6 Garveri, ces ceintures sont un investissement \u00e0 la fois dans le style et dans une utilisation durable. Avec un entretien appropri\u00e9, la ceinture durera toute une vie. <a href=\"https:\/\/ak47.nu\/fr\/butik\/\">Explorez notre s\u00e9lection de ceintures en cuir faites \u00e0 la main<\/a> pour trouver celle qui vous convient le mieux.<\/p><h3>D\u00e9tails du produit:<\/h3><ul><li><strong>Longueur:<\/strong> Personnalisable, standard 110 cm (disponible pour 100-120 cm)<\/li><li><strong>Largeur:<\/strong> 7 cm<\/li><li><strong>\u00c9paisseur:<\/strong> 2-3mm<\/li><li><strong>Couleur:<\/strong> Rouge (des variations peuvent survenir en raison de la teinture \u00e0 la main)<\/li><li><strong>Nombre de porte-cartouches:<\/strong> 12 pi\u00e8ces<\/li><li><strong>Diam\u00e8tre de la cartouche:<\/strong> 10 mm<\/li><\/ul><p>Chaque ceinture offre une combinaison unique de design personnalisable et de mat\u00e9riaux respectueux de l'environnement. <a href=\"https:\/\/ak47.nu\/fr\/tillbehor-2\/troupes\/\">Consultez notre cat\u00e9gorie de ceintures de revolver<\/a> pour avoir un aper\u00e7u de notre gamme.<\/p><h3>Pourquoi nos ceintures de revolver sont sp\u00e9ciales:<\/h3><ol><li><strong>Design personnalisable:<\/strong> Des milliers de variantes avec diff\u00e9rentes longueurs, couleurs et motifs.<\/li><li><strong>Mat\u00e9riau respectueux de l'environnement:<\/strong> Cuir tann\u00e9 v\u00e9g\u00e9tal provenant de vaches su\u00e9doises, non toxique et durable.<\/li><li><strong>Durable et r\u00e9parable:<\/strong> Facile \u00e0 r\u00e9parer et \u00e0 remplacer les rivets ou les coutures.<\/li><\/ol><p>Pour pr\u00e9server la souplesse et la belle finition du cuir, nous recommandons de le graisser r\u00e9guli\u00e8rement avec de la graisse pour cuir. Cet entretien simple prolonge la dur\u00e9e de vie de votre ceinture et en fait un compagnon fid\u00e8le pour de nombreuses ann\u00e9es \u00e0 venir. <a href=\"https:\/\/ak47.nu\/fr\/\">Visitez notre site web<\/a> pour plus d'informations sur nos produits.<\/p><h3>C'est pourquoi vous devriez choisir nos ceintures de revolver:<\/h3><ul><li><strong>Cuir su\u00e9dois de premi\u00e8re qualit\u00e9:<\/strong> De T\u00e4rnsj\u00f6 Garveri.<\/li><li><strong>Artisanat avec fiert\u00e9:<\/strong> Fabriqu\u00e9 localement en Su\u00e8de.<\/li><li><strong>Durabilit\u00e9:<\/strong> Un choix \u00e9cologique pour l'avenir.<\/li><li><strong>Design unique:<\/strong> Des milliers d'options de personnalisation.<\/li><\/ul><p>Commandez votre ceinture de revolver artisanale d\u00e8s aujourd'hui et d\u00e9couvrez la qualit\u00e9 su\u00e9doise de classe mondiale. Sans produits chimiques dangereux, produit localement et fabrication \u00e9thique.<\/p>","protected":false},"excerpt":{"rendered":"<p>Ceintures de Revolver Artisanales en Cuir Premium T\u00e4rnsj\u00f6Ceintures de revolver de haute qualit\u00e9 fabriqu\u00e9es en Su\u00e8deD\u00e9couvrez nos ceintures de revolver artisanales en cuir premium T\u00e4rnsj\u00f6, parfaites pour ceux qui appr\u00e9cient la qualit\u00e9 et la durabilit\u00e9. Fabriqu\u00e9es \u00e0 Arboga avec du cuir tann\u00e9 v\u00e9g\u00e9tal de T\u00e4rnsj\u00f6 Garveri, ces ceintures sont un investissement \u00e0 la fois dans [&#8230;]","protected":false},"featured_media":62227,"template":"","meta":[],"product_brand":[],"product_cat":[563],"product_tag":[],"class_list":{"0":"post-61004","1":"product","2":"type-product","3":"status-publish","4":"has-post-thumbnail","6":"product_cat-holsters","7":"pa_brand-jj-custom-works","8":"pa_farg-rod","10":"first","11":"instock","12":"taxable","13":"shipping-taxable","14":"purchasable","15":"product-type-simple"},"_links":{"self":[{"href":"https:\/\/ak47.nu\/fr\/wp-json\/wp\/v2\/product\/61004","targetHints":{"allow":["GET"]}}],"collection":[{"href":"https:\/\/ak47.nu\/fr\/wp-json\/wp\/v2\/product"}],"about":[{"href":"https:\/\/ak47.nu\/fr\/wp-json\/wp\/v2\/types\/product"}],"wp:featuredmedia":[{"embeddable":true,"href":"https:\/\/ak47.nu\/fr\/wp-json\/wp\/v2\/media\/62227"}],"wp:attachment":[{"href":"https:\/\/ak47.nu\/fr\/wp-json\/wp\/v2\/media?parent=61004"}],"wp:term":[{"taxonomy":"product_brand","embeddable":true,"href":"https:\/\/ak47.nu\/fr\/wp-json\/wp\/v2\/product_brand?post=61004"},{"taxonomy":"product_cat","embeddable":true,"href":"https:\/\/ak47.nu\/fr\/wp-json\/wp\/v2\/product_cat?post=61004"},{"taxonomy":"product_tag","embeddable":true,"href":"https:\/\/ak47.nu\/fr\/wp-json\/wp\/v2\/product_tag?post=61004"}],"curies":[{"name":"wp","href":"https:\/\/api.w.org\/{rel}","templated":true}]}}