{"id":61008,"date":"2025-07-24T11:38:34","date_gmt":"2025-07-24T09:38:34","guid":{"rendered":"https:\/\/new.ak47.nu\/produkt\/uncategorized\/handgjorda-revolverbalten-i-premium-tarnsjo-lader-fran-jj-custom-works-hallbart-hantverk-17\/"},"modified":"2025-12-04T03:55:09","modified_gmt":"2025-12-04T02:55:09","slug":"ceinture-revolver-artisanale-cuir-tarnsjo-4","status":"publish","type":"product","link":"https:\/\/ak47.nu\/fr\/produit\/tillbehor-2\/troupes\/ceinture-revolver-artisanale-cuir-tarnsjo-4\/","title":{"rendered":"Ceinture Revolver Artisanale Cuir T\u00e4rnsj\u00f6 | JJ Custom Works"},"content":{"rendered":"<h1>Ceintures de Revolver Fabriqu\u00e9es \u00e0 la Main en Cuir Premium T\u00e4rnsj\u00f6 de JJ Custom Works<\/h1>\n<h2>Ceintures de revolver de fabrication su\u00e9doise en cuir T\u00e4rnsj\u00f6<\/h2>\n<p>Investissez dans une ceinture de revolver fabriqu\u00e9e \u00e0 la main en cuir T\u00e4rnsj\u00f6 de premi\u00e8re qualit\u00e9 de JJ Custom Works. Nos ceintures sont fabriqu\u00e9es avec soin \u00e0 Arboga, en Su\u00e8de, \u00e0 partir de cuir tann\u00e9 v\u00e9g\u00e9tal de T\u00e4rnsj\u00f6 Garveri, reconnu pour sa qualit\u00e9 exceptionnelle et ses proc\u00e9d\u00e9s respectueux de l'environnement. Avec un entretien appropri\u00e9, cette ceinture durera toute une vie, ce qui en fait un investissement dans le style et la durabilit\u00e9. <a href=\"https:\/\/ak47.nu\/fr\/butik\/\">D\u00e9couvrez notre s\u00e9lection d'articles en cuir assortis<\/a> pour un look complet.<\/p>\n<h3>D\u00e9tails du produit:<\/h3>\n<ul>\n <li><strong>Longueur :<\/strong> Personnalisable, standard 90 cm (disponible pour 80-100 cm)<\/li>\n <li><strong>Largeur :<\/strong> 7 cm<\/li>\n <li><strong>\u00c9paisseur :<\/strong> 2-3mm<\/li>\n <li><strong>Couleur :<\/strong> Naturel (de petites variations peuvent survenir en raison de la teinture \u00e0 la main)<\/li>\n <li><strong>Nombre de porte-cartouches :<\/strong> 12<\/li>\n <li><strong>Diam\u00e8tre de la cartouche :<\/strong> 10 mm<\/li>\n<\/ul>\n<h3>Ceinture de revolver personnalisable et durable<\/h3>\n<p>Nos ceintures de revolver sont sp\u00e9ciales en raison de leur conception personnalisable. Nous offrons des milliers d'options, y compris diff\u00e9rentes longueurs, couleurs (au moins 13 options) et des options \u00e0 motifs ou \u00e9l\u00e9gantes et lisses. Chaque ceinture est con\u00e7ue pour r\u00e9pondre \u00e0 vos besoins et pr\u00e9f\u00e9rences sp\u00e9cifiques. Vous recherchez d'autres produits en cuir, consultez <a href=\"https:\/\/ak47.nu\/fr\/tillbehor-2\/troupes\/\">notre collection de ceintures en cuir<\/a>.<\/p>\n<p>Contrairement aux alternatives tann\u00e9es au chrome, nous utilisons du cuir tann\u00e9 v\u00e9g\u00e9tal, ce qui rend nos ceintures respectueuses de l'environnement et non toxiques. Le cuir provient de vaches su\u00e9doises b\u00e9n\u00e9ficiant d'un bien-\u00eatre animal de premier ordre, garantissant \u00e0 la fois qualit\u00e9 et durabilit\u00e9. De plus, nos ceintures sont faciles \u00e0 r\u00e9parer, ce qui prolonge encore leur dur\u00e9e de vie. En cas d'accident, vous pouvez facilement remplacer les rivets ou r\u00e9parer les coutures. Visitez <a href=\"https:\/\/ak47.nu\/fr\/\">notre site Web<\/a> pour en savoir plus sur notre engagement envers la qualit\u00e9 et la durabilit\u00e9.<\/p>\n<h3>Conseils d'entretien pour votre ceinture de revolver<\/h3>\n<p>Pour prolonger la dur\u00e9e de vie de votre ceinture, nous vous recommandons de la graisser r\u00e9guli\u00e8rement avec de la graisse pour cuir. Cela pr\u00e9serve la souplesse du cuir et sa belle finition, afin que vous puissiez profiter de votre ceinture pendant de nombreuses ann\u00e9es.<\/p>\n<h3>Pourquoi choisir nos ceintures de revolver ?<\/h3>\n<ul>\n <li><strong>Cuir su\u00e9dois de premi\u00e8re qualit\u00e9 :<\/strong> De la l\u00e9gendaire T\u00e4rnsj\u00f6 Garveri.<\/li>\n <li><strong>Artisanat avec fiert\u00e9 :<\/strong> Fabriqu\u00e9 localement en Su\u00e8de.<\/li>\n <li><strong>Durabilit\u00e9 :<\/strong> Un choix pour l'environnement et l'avenir.<\/li>\n <li><strong>Design unique :<\/strong> Des milliers d'options de personnalisation \u2013 pour tous les styles et tous les besoins.<\/li>\n<\/ul>","protected":false},"excerpt":{"rendered":"<p>Ceintures de Revolver Fabriqu\u00e9es \u00e0 la Main en Cuir Premium T\u00e4rnsj\u00f6 de JJ Custom Works Ceintures de revolver de fabrication su\u00e9doise en cuir T\u00e4rnsj\u00f6 Investissez dans une ceinture de revolver fabriqu\u00e9e \u00e0 la main en cuir T\u00e4rnsj\u00f6 de premi\u00e8re qualit\u00e9 de JJ Custom Works. Nos ceintures sont fabriqu\u00e9es avec soin \u00e0 Arboga, en Su\u00e8de, \u00e0 [&#8230;]","protected":false},"featured_media":61992,"template":"","meta":[],"product_brand":[],"product_cat":[563],"product_tag":[],"class_list":{"0":"post-61008","1":"product","2":"type-product","3":"status-publish","4":"has-post-thumbnail","6":"product_cat-holsters","7":"pa_brand-jj-custom-works","8":"pa_farg-natur","10":"first","11":"instock","12":"taxable","13":"shipping-taxable","14":"purchasable","15":"product-type-simple"},"_links":{"self":[{"href":"https:\/\/ak47.nu\/fr\/wp-json\/wp\/v2\/product\/61008","targetHints":{"allow":["GET"]}}],"collection":[{"href":"https:\/\/ak47.nu\/fr\/wp-json\/wp\/v2\/product"}],"about":[{"href":"https:\/\/ak47.nu\/fr\/wp-json\/wp\/v2\/types\/product"}],"wp:featuredmedia":[{"embeddable":true,"href":"https:\/\/ak47.nu\/fr\/wp-json\/wp\/v2\/media\/61992"}],"wp:attachment":[{"href":"https:\/\/ak47.nu\/fr\/wp-json\/wp\/v2\/media?parent=61008"}],"wp:term":[{"taxonomy":"product_brand","embeddable":true,"href":"https:\/\/ak47.nu\/fr\/wp-json\/wp\/v2\/product_brand?post=61008"},{"taxonomy":"product_cat","embeddable":true,"href":"https:\/\/ak47.nu\/fr\/wp-json\/wp\/v2\/product_cat?post=61008"},{"taxonomy":"product_tag","embeddable":true,"href":"https:\/\/ak47.nu\/fr\/wp-json\/wp\/v2\/product_tag?post=61008"}],"curies":[{"name":"wp","href":"https:\/\/api.w.org\/{rel}","templated":true}]}}