{"id":61010,"date":"2025-07-24T11:51:36","date_gmt":"2025-07-24T09:51:36","guid":{"rendered":"https:\/\/new.ak47.nu\/produkt\/uncategorized\/handgjorda-revolverbalten-i-premium-tarnsjo-lader-fran-jj-custom-works-hallbart-hantverk-19\/"},"modified":"2025-12-04T03:55:13","modified_gmt":"2025-12-04T02:55:13","slug":"ceinture-revolver-artisanale-cuir-tarnsjo-2","status":"publish","type":"product","link":"https:\/\/ak47.nu\/fr\/produit\/tillbehor-2\/troupes\/ceinture-revolver-artisanale-cuir-tarnsjo-2\/","title":{"rendered":"Ceinture Revolver Artisanale en Cuir T\u00e4rnsj\u00f6 | JJ Custom Works"},"content":{"rendered":"<h1>Ceintures Revolver Artisanales en Cuir Premium T\u00e4rnsj\u00f6 de JJ Custom Works<\/h1>\n<h2>Ceinture revolver premium fabriqu\u00e9e en cuir su\u00e9dois T\u00e4rnsj\u00f6<\/h2>\n<p>Investissez dans une ceinture revolver artisanale en cuir premium T\u00e4rnsj\u00f6. Nos ceintures revolver sont fabriqu\u00e9es avec soin \u00e0 Arboga en utilisant du cuir tann\u00e9 v\u00e9g\u00e9tal de T\u00e4rnsj\u00f6 Garveri, r\u00e9put\u00e9 pour sa qualit\u00e9 exceptionnelle et son processus \u00e9cologique. Chaque ceinture est faite \u00e0 la main et personnalisable, ce qui en fait un investissement dans le style et la durabilit\u00e9 qui peut durer toute une vie.<\/p>\n<h3>D\u00e9tails du produit:<\/h3>\n<ul>\n <li><strong>Longueur:<\/strong> Personnalisable, standard 110 cm (disponible pour 100-120 cm)<\/li>\n <li><strong>Largeur:<\/strong> 7 cm<\/li>\n <li><strong>\u00c9paisseur<\/strong>: 2-3mm<\/li>\n <li><strong>Couleur:<\/strong> Naturel (de l\u00e9g\u00e8res variations peuvent survenir en raison de la teinture \u00e0 la main)<\/li>\n <li><strong>Nombre de porte-cartouches:<\/strong> 12 pi\u00e8ces<\/li>\n <li><strong>Diam\u00e8tre de la cartouche:<\/strong> 10 mm<\/li>\n<\/ul>\n<h3>Pourquoi Choisir Nos Ceintures Revolver ?<\/h3>\n<ol>\n <li>\n <p><strong>Design Personnalisable :<\/strong> Nous proposons une large gamme de variantes avec diff\u00e9rentes longueurs et couleurs, avec au moins 13 options. Choisissez parmi des alternatives \u00e0 motifs ou \u00e9l\u00e9gantes et lisses. Concevez votre ceinture pour qu'elle corresponde parfaitement \u00e0 vos besoins.<\/p>\n <\/li>\n <li>\n <p><strong>Mat\u00e9riau \u00c9cologique :<\/strong> Contrairement aux produits tann\u00e9s au chrome, nous utilisons du cuir tann\u00e9 v\u00e9g\u00e9tal, qui est respectueux de l'environnement et non toxique. Nos ceintures sont fabriqu\u00e9es \u00e0 partir de vaches su\u00e9doises b\u00e9n\u00e9ficiant d'une protection animale de premier ordre, ce qui garantit \u00e0 la fois qualit\u00e9 et durabilit\u00e9. D\u00e9couvrez notre gamme d'<a href=\"https:\/\/ak47.nu\/fr\/butik\/\">autres produits en cuir<\/a> qui compl\u00e8tent votre style.<\/p>\n <\/li>\n <li>\n <p><strong>Durable et R\u00e9parable :<\/strong> Nos ceintures revolver sont durables et faciles \u00e0 r\u00e9parer. Remplacez les rivets ou r\u00e9parez les coutures sans probl\u00e8me, prolongeant ainsi la dur\u00e9e de vie de la ceinture. Visitez notre <a href=\"https:\/\/ak47.nu\/fr\/tillbehor-2\/troupes\/\">cat\u00e9gorie d'accessoires<\/a> pour trouver des outils et des fournitures pour l'entretien.<\/p>\n <\/li>\n<\/ol>\n<p>Pour prolonger la dur\u00e9e de vie de votre ceinture revolver, nous vous recommandons de la lubrifier r\u00e9guli\u00e8rement avec de la graisse pour cuir afin de pr\u00e9server la souplesse et la belle finition du cuir. Nos ceintures revolver repr\u00e9sentent un choix pour l'environnement et l'avenir, fi\u00e8rement fabriqu\u00e9es localement en Su\u00e8de \u00e0 partir de cuir su\u00e9dois de premi\u00e8re qualit\u00e9 provenant du l\u00e9gendaire T\u00e4rnsj\u00f6 Garveri. Offrez un accessoire exclusif et durable ou commandez votre ceinture d\u00e8s maintenant et d\u00e9couvrez la qualit\u00e9 su\u00e9doise de classe mondiale. Pour plus d'informations sur notre engagement envers la qualit\u00e9 et la durabilit\u00e9, visitez notre <a href=\"https:\/\/ak47.nu\/fr\/\">page d'accueil<\/a>.<\/p>\n<p>C'est ce qu'il a dit <strong>Sans produits chimiques dangereux<\/strong><br>C'est ce qu'il a dit <strong>Produit localement<\/strong><br>C'est ce qu'il a dit <strong>Fabrication \u00e9cologique et \u00e9thique<\/strong><\/p>","protected":false},"excerpt":{"rendered":"<p>Ceintures Revolver Artisanales en Cuir Premium T\u00e4rnsj\u00f6 de JJ Custom Works Ceinture revolver premium fabriqu\u00e9e en cuir su\u00e9dois T\u00e4rnsj\u00f6 Investissez dans une ceinture revolver artisanale en cuir premium T\u00e4rnsj\u00f6. Nos ceintures revolver sont fabriqu\u00e9es avec soin \u00e0 Arboga en utilisant du cuir tann\u00e9 v\u00e9g\u00e9tal de T\u00e4rnsj\u00f6 Garveri, r\u00e9put\u00e9 pour sa qualit\u00e9 exceptionnelle et son processus [&#8230;]","protected":false},"featured_media":61986,"template":"","meta":[],"product_brand":[],"product_cat":[563],"product_tag":[],"class_list":{"0":"post-61010","1":"product","2":"type-product","3":"status-publish","4":"has-post-thumbnail","6":"product_cat-holsters","7":"pa_brand-jj-custom-works","8":"pa_farg-natur","10":"first","11":"instock","12":"taxable","13":"shipping-taxable","14":"purchasable","15":"product-type-simple"},"_links":{"self":[{"href":"https:\/\/ak47.nu\/fr\/wp-json\/wp\/v2\/product\/61010","targetHints":{"allow":["GET"]}}],"collection":[{"href":"https:\/\/ak47.nu\/fr\/wp-json\/wp\/v2\/product"}],"about":[{"href":"https:\/\/ak47.nu\/fr\/wp-json\/wp\/v2\/types\/product"}],"wp:featuredmedia":[{"embeddable":true,"href":"https:\/\/ak47.nu\/fr\/wp-json\/wp\/v2\/media\/61986"}],"wp:attachment":[{"href":"https:\/\/ak47.nu\/fr\/wp-json\/wp\/v2\/media?parent=61010"}],"wp:term":[{"taxonomy":"product_brand","embeddable":true,"href":"https:\/\/ak47.nu\/fr\/wp-json\/wp\/v2\/product_brand?post=61010"},{"taxonomy":"product_cat","embeddable":true,"href":"https:\/\/ak47.nu\/fr\/wp-json\/wp\/v2\/product_cat?post=61010"},{"taxonomy":"product_tag","embeddable":true,"href":"https:\/\/ak47.nu\/fr\/wp-json\/wp\/v2\/product_tag?post=61010"}],"curies":[{"name":"wp","href":"https:\/\/api.w.org\/{rel}","templated":true}]}}