{"id":61619,"date":"2025-08-17T18:34:41","date_gmt":"2025-08-17T16:34:41","guid":{"rendered":"https:\/\/ak47.nu\/produkt\/okategoriserad\/baltesspanne-thor\/"},"modified":"2025-12-16T22:53:32","modified_gmt":"2025-12-16T21:53:32","slug":"boucle-de-ceinture-thor","status":"publish","type":"product","link":"https:\/\/ak47.nu\/fr\/produit\/tillbehor-2\/troupes\/boucle-de-ceinture-thor\/","title":{"rendered":"Boucle de Ceinture Thor | Design Imposant"},"content":{"rendered":"<h1>Boucle de ceinture - Thor<\/h1>\n<h2>Boucle de Ceinture Imposante avec un Design Thor<\/h2>\n<p>Cette boucle de ceinture au design de Thor est un ajout parfait \u00e0 votre vie quotidienne ou \u00e0 des occasions sp\u00e9ciales. Avec sa construction robuste et son design d\u00e9taill\u00e9, elle procure une sensation de force et de caract\u00e8re. Attachez votre ceinture avec style et montrez votre appr\u00e9ciation pour la mythologie nordique. D\u00e9couvrez d'autres <a href=\"https:\/\/ak47.nu\/fr\/butik\/\">boucles de ceinture<\/a> uniques dans notre s\u00e9lection.<\/p>\n\n<h3>Sp\u00e9cifications:<\/h3>\n<ul>\n <li>Hauteur : ~80mm<\/li>\n <li>Longueur : ~73mm<\/li>\n <li>Poids : ~174g<\/li>\n<\/ul>\n\n<p>Cette boucle de ceinture n'est pas seulement un accessoire pratique, mais aussi une pi\u00e8ce de d\u00e9claration. Le poids de 174g procure une sensation de solidit\u00e9, tandis que la hauteur et la longueur en font un d\u00e9tail accrocheur. Explorez notre large gamme d'<a href=\"https:\/\/ak47.nu\/fr\/tillbehor-2\/troupes\/\">accessoires<\/a> et trouvez quelque chose qui compl\u00e8te votre style personnel. Pour plus d'informations sur nos produits, visitez notre <a href=\"https:\/\/ak47.nu\/fr\/\">page d'accueil<\/a>.<\/p>","protected":false},"excerpt":{"rendered":"<p>Boucle de ceinture &#8211; Thor Boucle de Ceinture Imposante avec un Design Thor Cette boucle de ceinture au design de Thor est un ajout parfait \u00e0 votre vie quotidienne ou \u00e0 des occasions sp\u00e9ciales. Avec sa construction robuste et son design d\u00e9taill\u00e9, elle procure une sensation de force et de caract\u00e8re. Attachez votre ceinture avec [&#8230;]","protected":false},"featured_media":61618,"template":"","meta":[],"product_brand":[],"product_cat":[563],"product_tag":[],"class_list":{"0":"post-61619","1":"product","2":"type-product","3":"status-publish","4":"has-post-thumbnail","6":"product_cat-holsters","7":"pa_brand-no-brand","8":"pa_farg-multifarg","10":"first","11":"instock","12":"sale","13":"taxable","14":"shipping-taxable","15":"purchasable","16":"product-type-simple"},"_links":{"self":[{"href":"https:\/\/ak47.nu\/fr\/wp-json\/wp\/v2\/product\/61619","targetHints":{"allow":["GET"]}}],"collection":[{"href":"https:\/\/ak47.nu\/fr\/wp-json\/wp\/v2\/product"}],"about":[{"href":"https:\/\/ak47.nu\/fr\/wp-json\/wp\/v2\/types\/product"}],"wp:featuredmedia":[{"embeddable":true,"href":"https:\/\/ak47.nu\/fr\/wp-json\/wp\/v2\/media\/61618"}],"wp:attachment":[{"href":"https:\/\/ak47.nu\/fr\/wp-json\/wp\/v2\/media?parent=61619"}],"wp:term":[{"taxonomy":"product_brand","embeddable":true,"href":"https:\/\/ak47.nu\/fr\/wp-json\/wp\/v2\/product_brand?post=61619"},{"taxonomy":"product_cat","embeddable":true,"href":"https:\/\/ak47.nu\/fr\/wp-json\/wp\/v2\/product_cat?post=61619"},{"taxonomy":"product_tag","embeddable":true,"href":"https:\/\/ak47.nu\/fr\/wp-json\/wp\/v2\/product_tag?post=61619"}],"curies":[{"name":"wp","href":"https:\/\/api.w.org\/{rel}","templated":true}]}}