{"id":61629,"date":"2025-08-17T18:35:18","date_gmt":"2025-08-17T16:35:18","guid":{"rendered":"https:\/\/ak47.nu\/produkt\/okategoriserad\/baltesspanne-malteser-kors\/"},"modified":"2025-12-03T22:51:50","modified_gmt":"2025-12-03T21:51:50","slug":"boucle-de-ceinture-croix-maltaise-argent","status":"publish","type":"product","link":"https:\/\/ak47.nu\/fr\/produit\/tillbehor-2\/troupes\/boucle-de-ceinture-croix-maltaise-argent\/","title":{"rendered":"Boucle de Ceinture Croix Maltaise - Argent"},"content":{"rendered":"<h1>Boucle de Ceinture Croix Maltaise<\/h1>\n<h2>D\u00e9tails \u00c9l\u00e9gants en Argent<\/h2>\n<p>Cette boucle de ceinture orn\u00e9e d'une croix maltaise en argent est un accessoire \u00e9l\u00e9gant qui ajoute du caract\u00e8re \u00e0 votre tenue. Avec une hauteur et une longueur d'environ 70 mm et un poids de 149 grammes, cette boucle est \u00e0 la fois robuste et accrocheuse. Parfaite pour ceux qui appr\u00e9cient les bijoux uniques et d\u00e9taill\u00e9s. D\u00e9couvrez d'autres accessoires uniques sur <a href=\"https:\/\/ak47.nu\/fr\/butik\/\">notre site web<\/a>. Explorez notre large gamme de <a href=\"https:\/\/ak47.nu\/fr\/tillbehor-2\/troupes\/\">boucles de ceinture<\/a> d\u00e8s aujourd'hui et trouvez votre pr\u00e9f\u00e9r\u00e9e. Visitez <a href=\"https:\/\/ak47.nu\/fr\/\">notre page d'accueil<\/a> pour voir toute la collection.<\/p>\n\n<h3>Sp\u00e9cifications :<\/h3>\n<ul>\n <li>Motif : Croix maltaise<\/li>\n <li>Couleur : Argent<\/li>\n <li>Hauteur : Env. 70 mm<\/li>\n <li>Longueur : 70 mm<\/li>\n <li>Poids : 149 grammes<\/li>\n<\/ul>","protected":false},"excerpt":{"rendered":"<p>Hitta den perfekta b\u00e4ltessp\u00e4nne med Malteser kors &#8211; k\u00f6p online hos oss. Utforska v\u00e5rt breda utbud av b\u00e4ltessp\u00e4nnen med Malteser kors och hitta din personliga stil. Best\u00e4ll idag f\u00f6r snabb leverans och h\u00f6gkvalitativa produkter.<\/p>","protected":false},"featured_media":61870,"template":"","meta":[],"product_brand":[],"product_cat":[563],"product_tag":[],"class_list":{"0":"post-61629","1":"product","2":"type-product","3":"status-publish","4":"has-post-thumbnail","6":"product_cat-holsters","7":"pa_brand-no-brand","8":"pa_farg-multifarg","10":"first","11":"instock","12":"sale","13":"taxable","14":"shipping-taxable","15":"purchasable","16":"product-type-simple"},"_links":{"self":[{"href":"https:\/\/ak47.nu\/fr\/wp-json\/wp\/v2\/product\/61629","targetHints":{"allow":["GET"]}}],"collection":[{"href":"https:\/\/ak47.nu\/fr\/wp-json\/wp\/v2\/product"}],"about":[{"href":"https:\/\/ak47.nu\/fr\/wp-json\/wp\/v2\/types\/product"}],"wp:featuredmedia":[{"embeddable":true,"href":"https:\/\/ak47.nu\/fr\/wp-json\/wp\/v2\/media\/61870"}],"wp:attachment":[{"href":"https:\/\/ak47.nu\/fr\/wp-json\/wp\/v2\/media?parent=61629"}],"wp:term":[{"taxonomy":"product_brand","embeddable":true,"href":"https:\/\/ak47.nu\/fr\/wp-json\/wp\/v2\/product_brand?post=61629"},{"taxonomy":"product_cat","embeddable":true,"href":"https:\/\/ak47.nu\/fr\/wp-json\/wp\/v2\/product_cat?post=61629"},{"taxonomy":"product_tag","embeddable":true,"href":"https:\/\/ak47.nu\/fr\/wp-json\/wp\/v2\/product_tag?post=61629"}],"curies":[{"name":"wp","href":"https:\/\/api.w.org\/{rel}","templated":true}]}}