{"id":61642,"date":"2025-08-17T18:36:14","date_gmt":"2025-08-17T16:36:14","guid":{"rendered":"https:\/\/ak47.nu\/produkt\/okategoriserad\/punk-tygmarke\/"},"modified":"2025-12-04T02:32:42","modified_gmt":"2025-12-04T01:32:42","slug":"patch-punk-thermocollant-tissu-haute-qualite","status":"publish","type":"product","link":"https:\/\/ak47.nu\/fr\/produit\/tillbehor-2\/ovriga-tillbehor\/patch-punk-thermocollant-tissu-haute-qualite\/","title":{"rendered":"Patch Punk Thermocollant | Tissu Haute Qualit\u00e9"},"content":{"rendered":"<h1>Patch Punk<\/h1>\n<h2>Patch thermocollant de haute qualit\u00e9 pour un style punk<\/h2>\n<p>Ce <strong>patch punk<\/strong> est parfait pour donner \u00e0 vos v\u00eatements, sacs ou autres textiles une touche personnelle et rebelle. Avec son design d\u00e9taill\u00e9 et sa finition de haute qualit\u00e9, ce patch thermocollant ne manquera pas de se d\u00e9marquer.<\/p>\n<h3>Caract\u00e9ristiques et avantages<\/h3>\n<ul>\n<li><strong>Haute qualit\u00e9 :<\/strong> Fabriqu\u00e9 en mat\u00e9riau durable qui r\u00e9siste \u00e0 l'usure et au lavage.<\/li>\n<li><strong>Thermocollant :<\/strong> Facile \u00e0 fixer sur la plupart des textiles \u00e0 l'aide d'un fer \u00e0 repasser.<\/li>\n<li><strong>Taille parfaite :<\/strong> Avec une largeur et une hauteur d'environ 7 cm, le patch a la taille id\u00e9ale pour \u00eatre visible sans \u00eatre trop dominant.<\/li>\n<\/ul>\n<p>Donnez \u00e0 vos v\u00eatements un style unique avec ce <strong>patch punk<\/strong> thermocollant. Parfait pour les vestes, les sacs, les jeans et plus encore. L'application facile permet de cr\u00e9er un look personnalis\u00e9 en un rien de temps. Explorez notre <a href=\"https:\/\/ak47.nu\/fr\/butik\/\">gamme d'autres patchs<\/a> pour encore plus d'inspiration. Visitez notre <a href=\"https:\/\/ak47.nu\/fr\/tillbehor-2\/ovriga-tillbehor\/\">cat\u00e9gorie de patchs<\/a> pour voir toute la collection. Pour plus d'informations sur nos produits, visitez <a href=\"https:\/\/ak47.nu\/fr\/\">notre site web<\/a>.<\/p>\n<p><strong>Sp\u00e9cifications :<\/strong><\/p>\n<ul>\n<li>Largeur : ~7 cm<\/li>\n<li>Hauteur : ~7 cm<\/li>\n<\/ul>","protected":false},"excerpt":{"rendered":"<p>Patch Punk Patch thermocollant de haute qualit\u00e9 pour un style punk Ce patch punk est parfait pour donner \u00e0 vos v\u00eatements, sacs ou autres textiles une touche personnelle et rebelle. Avec son design d\u00e9taill\u00e9 et sa finition de haute qualit\u00e9, ce patch thermocollant ne manquera pas de se d\u00e9marquer. Caract\u00e9ristiques et avantages Haute qualit\u00e9 : [&#8230;]","protected":false},"featured_media":61640,"template":"","meta":[],"product_brand":[],"product_cat":[475],"product_tag":[],"class_list":{"0":"post-61642","1":"product","2":"type-product","3":"status-publish","4":"has-post-thumbnail","6":"product_cat-ovriga-tillbehor","7":"pa_brand-no-brand","9":"first","10":"instock","11":"taxable","12":"shipping-taxable","13":"purchasable","14":"product-type-simple"},"_links":{"self":[{"href":"https:\/\/ak47.nu\/fr\/wp-json\/wp\/v2\/product\/61642","targetHints":{"allow":["GET"]}}],"collection":[{"href":"https:\/\/ak47.nu\/fr\/wp-json\/wp\/v2\/product"}],"about":[{"href":"https:\/\/ak47.nu\/fr\/wp-json\/wp\/v2\/types\/product"}],"wp:featuredmedia":[{"embeddable":true,"href":"https:\/\/ak47.nu\/fr\/wp-json\/wp\/v2\/media\/61640"}],"wp:attachment":[{"href":"https:\/\/ak47.nu\/fr\/wp-json\/wp\/v2\/media?parent=61642"}],"wp:term":[{"taxonomy":"product_brand","embeddable":true,"href":"https:\/\/ak47.nu\/fr\/wp-json\/wp\/v2\/product_brand?post=61642"},{"taxonomy":"product_cat","embeddable":true,"href":"https:\/\/ak47.nu\/fr\/wp-json\/wp\/v2\/product_cat?post=61642"},{"taxonomy":"product_tag","embeddable":true,"href":"https:\/\/ak47.nu\/fr\/wp-json\/wp\/v2\/product_tag?post=61642"}],"curies":[{"name":"wp","href":"https:\/\/api.w.org\/{rel}","templated":true}]}}