{"id":61643,"date":"2025-08-17T18:36:15","date_gmt":"2025-08-17T16:36:15","guid":{"rendered":"https:\/\/ak47.nu\/produkt\/okategoriserad\/baltesspanne-viking-rad\/"},"modified":"2025-12-18T16:38:32","modified_gmt":"2025-12-18T15:38:32","slug":"boucle-de-ceinture-raid-viking","status":"publish","type":"product","link":"https:\/\/ak47.nu\/fr\/produit\/tillbehor-2\/troupes\/boucle-de-ceinture-raid-viking\/","title":{"rendered":"Boucle de Ceinture - Raid Viking | Design de Haute Qualit\u00e9"},"content":{"rendered":"<h1>Boucle de Ceinture - Raid Viking<\/h1>\n<h2>Boucle de ceinture robuste et d\u00e9taill\u00e9e<\/h2>\n<p>Cette boucle de ceinture avec un motif de Raid Viking est un accessoire impressionnant qui combine force et d\u00e9tail. Parfait pour ceux qui appr\u00e9cient l'esth\u00e9tique de l'\u00e8re Viking et recherchent une fa\u00e7on unique d'exprimer leur style personnel. Avec sa construction robuste et son design distinctif, cette boucle de ceinture ajoute une touche d'aventure \u00e0 votre vie quotidienne.<\/p>\n<h3>Informations sur le produit :<\/h3>\n<ul>\n <li><b>Hauteur :<\/b> ~ 62mm<\/li>\n <li><b>Longueur :<\/b> ~ 90mm<\/li>\n <li><b>Poids :<\/b> ~ 167g<\/li>\n<\/ul>\n<p>Cette boucle de ceinture n'est pas seulement un accessoire \u00e9l\u00e9gant, mais aussi une expression de votre fascination pour la culture viking. Le design d\u00e9taill\u00e9 capture l'essence de l'esprit aventureux des Vikings. Explorez notre gamme d'<a href=\"https:\/\/ak47.nu\/fr\/butik\/\">accessoires d'inspiration viking<\/a> pour compl\u00e9ter votre style. Visitez notre <a href=\"https:\/\/ak47.nu\/fr\/tillbehor-2\/troupes\/\">cat\u00e9gorie de boucles de ceinture<\/a> pour voir plus d'options. Ne manquez pas la chance d'ajouter cette boucle de ceinture unique \u00e0 votre collection ! Pour plus d'informations sur nos produits, visitez <a href=\"https:\/\/ak47.nu\/fr\/\">notre site web<\/a>.<\/p>","protected":false},"excerpt":{"rendered":"<p>Boucle de Ceinture &#8211; Raid Viking Boucle de ceinture robuste et d\u00e9taill\u00e9e Cette boucle de ceinture avec un motif de Raid Viking est un accessoire impressionnant qui combine force et d\u00e9tail. Parfait pour ceux qui appr\u00e9cient l&#8217;esth\u00e9tique de l&#8217;\u00e8re Viking et recherchent une fa\u00e7on unique d&#8217;exprimer leur style personnel. Avec sa construction robuste et son [&#8230;]","protected":false},"featured_media":61641,"template":"","meta":[],"product_brand":[],"product_cat":[563],"product_tag":[],"class_list":{"0":"post-61643","1":"product","2":"type-product","3":"status-publish","4":"has-post-thumbnail","6":"product_cat-holsters","7":"pa_brand-no-brand","8":"pa_farg-multifarg","10":"first","11":"outofstock","12":"sale","13":"taxable","14":"shipping-taxable","15":"purchasable","16":"product-type-simple"},"_links":{"self":[{"href":"https:\/\/ak47.nu\/fr\/wp-json\/wp\/v2\/product\/61643","targetHints":{"allow":["GET"]}}],"collection":[{"href":"https:\/\/ak47.nu\/fr\/wp-json\/wp\/v2\/product"}],"about":[{"href":"https:\/\/ak47.nu\/fr\/wp-json\/wp\/v2\/types\/product"}],"wp:featuredmedia":[{"embeddable":true,"href":"https:\/\/ak47.nu\/fr\/wp-json\/wp\/v2\/media\/61641"}],"wp:attachment":[{"href":"https:\/\/ak47.nu\/fr\/wp-json\/wp\/v2\/media?parent=61643"}],"wp:term":[{"taxonomy":"product_brand","embeddable":true,"href":"https:\/\/ak47.nu\/fr\/wp-json\/wp\/v2\/product_brand?post=61643"},{"taxonomy":"product_cat","embeddable":true,"href":"https:\/\/ak47.nu\/fr\/wp-json\/wp\/v2\/product_cat?post=61643"},{"taxonomy":"product_tag","embeddable":true,"href":"https:\/\/ak47.nu\/fr\/wp-json\/wp\/v2\/product_tag?post=61643"}],"curies":[{"name":"wp","href":"https:\/\/api.w.org\/{rel}","templated":true}]}}