{"id":61663,"date":"2025-08-17T18:36:55","date_gmt":"2025-08-17T16:36:55","guid":{"rendered":"https:\/\/ak47.nu\/produkt\/okategoriserad\/solglasogon-mattsilver-med-snygg-detalj\/"},"modified":"2026-03-25T18:58:36","modified_gmt":"2026-03-25T17:58:36","slug":"lunettes-de-soleil-argent-mat-verres-miroir-bleus","status":"publish","type":"product","link":"https:\/\/ak47.nu\/fr\/produit\/tillbehor-2\/ovriga-tillbehor\/lunettes-de-soleil-argent-mat-verres-miroir-bleus\/","title":{"rendered":"Lunettes de soleil Argent Mat Verres Miroir Bleus"},"content":{"rendered":"<h1>Lunettes de soleil Argent Mat Verres Miroir Bleus<\/h1>\n<h2>Style et protection combin\u00e9s<\/h2>\n<p>Ces <strong>lunettes de soleil argent mat<\/strong> combinent un design tendance avec une protection optimale pour vos yeux. Le d\u00e9tail \u00e9l\u00e9gant sur l'ar\u00eate du nez ajoute une touche unique, tandis que les <strong>verres miroir bleus<\/strong> sont non seulement \u00e9l\u00e9gants mais aussi fonctionnels. Prot\u00e9gez vos yeux avec style ! D\u00e9couvrez notre s\u00e9lection de <a href=\"https:\/\/ak47.nu\/fr\/butik\/\">lunettes de soleil similaires<\/a> pour trouver l'accord parfait avec votre style.<\/p>\n\n<h2>Protection UV 400<\/h2>\n<p>Avec une <strong>protection UV 400<\/strong>, ces lunettes de soleil filtrent les rayonnements nocifs et la lumi\u00e8re jusqu'\u00e0 une longueur d'onde de 400 nanom\u00e8tres. Cela offre une protection efficace contre les rayons nocifs du soleil, ce qui les rend id\u00e9ales pour un usage quotidien et les activit\u00e9s de plein air. D\u00e9couvrez notre large gamme de <a href=\"https:\/\/ak47.nu\/fr\/tillbehor-2\/ovriga-tillbehor\/\">lunettes de soleil<\/a> qui offrent \u00e0 la fois style et protection contre les rayons du soleil.<\/p>\n\n<h2>Informations sur le produit<\/h2>\n<ul>\n    <li><strong>Largeur du pont de nez :<\/strong> ~20 mm<\/li>\n    <li><strong>Largeur des verres :<\/strong> ~50 mm<\/li>\n    <li><strong>Longueur des branches :<\/strong> ~12,5 cm<\/li>\n    <li><strong>Couleur de la monture :<\/strong> Argent mat<\/li>\n    <li><strong>Couleur des verres :<\/strong> Verres miroir bleus<\/li>\n    <li><strong>Poids :<\/strong> 18g<\/li>\n<\/ul>\n\n<h2>L\u00e9g\u00e8res et confortables<\/h2>\n<p>Avec un <strong>poids de seulement 18 g<\/strong>, ces lunettes de soleil sont extr\u00eamement l\u00e9g\u00e8res et confortables \u00e0 porter pendant de longues p\u00e9riodes. Retrouvez tous vos mod\u00e8les pr\u00e9f\u00e9r\u00e9s au m\u00eame endroit, <a href=\"https:\/\/ak47.nu\/fr\/\">visitez notre site web<\/a> d\u00e8s aujourd'hui !<\/p>","protected":false},"excerpt":{"rendered":"<p>K\u00f6p solglas\u00f6gon i mattsilver med snygg detalj online &#8211; b\u00e4sta priser och snabb leverans. V\u00e4lj bland ett brett utbud av trendiga solglas\u00f6gon f\u00f6r b\u00e5de dam och herr.<\/p>","protected":false},"featured_media":61660,"template":"","meta":[],"product_brand":[],"product_cat":[475],"product_tag":[],"class_list":{"0":"post-61663","1":"product","2":"type-product","3":"status-publish","4":"has-post-thumbnail","6":"product_cat-ovriga-tillbehor","7":"pa_brand-no-brand","9":"first","10":"outofstock","11":"sale","12":"taxable","13":"shipping-taxable","14":"purchasable","15":"product-type-simple"},"_links":{"self":[{"href":"https:\/\/ak47.nu\/fr\/wp-json\/wp\/v2\/product\/61663","targetHints":{"allow":["GET"]}}],"collection":[{"href":"https:\/\/ak47.nu\/fr\/wp-json\/wp\/v2\/product"}],"about":[{"href":"https:\/\/ak47.nu\/fr\/wp-json\/wp\/v2\/types\/product"}],"wp:featuredmedia":[{"embeddable":true,"href":"https:\/\/ak47.nu\/fr\/wp-json\/wp\/v2\/media\/61660"}],"wp:attachment":[{"href":"https:\/\/ak47.nu\/fr\/wp-json\/wp\/v2\/media?parent=61663"}],"wp:term":[{"taxonomy":"product_brand","embeddable":true,"href":"https:\/\/ak47.nu\/fr\/wp-json\/wp\/v2\/product_brand?post=61663"},{"taxonomy":"product_cat","embeddable":true,"href":"https:\/\/ak47.nu\/fr\/wp-json\/wp\/v2\/product_cat?post=61663"},{"taxonomy":"product_tag","embeddable":true,"href":"https:\/\/ak47.nu\/fr\/wp-json\/wp\/v2\/product_tag?post=61663"}],"curies":[{"name":"wp","href":"https:\/\/api.w.org\/{rel}","templated":true}]}}