{"id":61665,"date":"2025-08-17T18:37:00","date_gmt":"2025-08-17T16:37:00","guid":{"rendered":"https:\/\/ak47.nu\/produkt\/okategoriserad\/solglasogon-runda-svarta-med-svart-lins\/"},"modified":"2026-04-10T00:37:32","modified_gmt":"2026-04-09T22:37:32","slug":"lunettes-de-soleil-rondes-noires-avec-verre-noir","status":"publish","type":"product","link":"https:\/\/ak47.nu\/fr\/produit\/tillbehor-2\/ovriga-tillbehor\/lunettes-de-soleil-rondes-noires-avec-verre-noir\/","title":{"rendered":"Lunettes de soleil rondes noires avec protection UV"},"content":{"rendered":"<h1>Lunettes de soleil rondes noires avec verre noir<\/h1>\n<h2>Lunettes de soleil tendance avec protection UV<\/h2>\n<p>Ces lunettes de soleil rondes noires allient style et fonctionnalit\u00e9. Elles sont con\u00e7ues pour \u00eatre \u00e0 la mode tout en prot\u00e9geant vos yeux des radiations nocives et de la lumi\u00e8re vive. Parfaites pour tous ceux qui veulent avoir fi\u00e8re allure tout en prenant soin de leur sant\u00e9 oculaire. D\u00e9couvrez notre gamme de <a href=\"https:\/\/ak47.nu\/fr\/butik\/\">lunettes de soleil similaires<\/a> et trouvez les montures parfaites pour vous. Visitez notre <a href=\"https:\/\/ak47.nu\/fr\/tillbehor-2\/ovriga-tillbehor\/\">cat\u00e9gorie de lunettes de soleil<\/a> pour plus d'options, ou rendez-vous sur <a href=\"https:\/\/ak47.nu\/fr\/\">notre page d'accueil<\/a> pour voir toute notre gamme.<\/p>\n\n<h3>Protection UV et filtre<\/h3>\n<p>Les lunettes de soleil sont dot\u00e9es d'une protection UV qui filtre les radiations nocives et la lumi\u00e8re vive, prot\u00e9geant ainsi vos yeux contre les dommages potentiels caus\u00e9s par le soleil.<\/p>\n\n<h3>Sp\u00e9cifications:<\/h3>\n<ul>\n    <li>Largeur du pont de nez : ~14 mm<\/li>\n    <li>Largeur du verre : ~45 mm<\/li>\n    <li>Longueur des branches : ~14 cm<\/li>\n    <li>Couleur de la monture : Noir<\/li>\n    <li>Couleur des verres : Noir<\/li>\n    <li>Poids : ~33g<\/li>\n<\/ul>","protected":false},"excerpt":{"rendered":"<p>K\u00f6p trendiga runda svarta solglas\u00f6gon med svarta linser f\u00f6r ett stilfullt och skyddande tillbeh\u00f6r. Utforska v\u00e5rt sortiment av solglas\u00f6gon med svart lins f\u00f6r att hitta din perfekta stil. Best\u00e4ll idag f\u00f6r snabb leverans och skydda dina \u00f6gon i stil.<\/p>","protected":false},"featured_media":61664,"template":"","meta":[],"product_brand":[],"product_cat":[475],"product_tag":[],"class_list":{"0":"post-61665","1":"product","2":"type-product","3":"status-publish","4":"has-post-thumbnail","6":"product_cat-ovriga-tillbehor","7":"pa_brand-no-brand","9":"first","10":"instock","11":"sale","12":"taxable","13":"shipping-taxable","14":"purchasable","15":"product-type-simple"},"_links":{"self":[{"href":"https:\/\/ak47.nu\/fr\/wp-json\/wp\/v2\/product\/61665","targetHints":{"allow":["GET"]}}],"collection":[{"href":"https:\/\/ak47.nu\/fr\/wp-json\/wp\/v2\/product"}],"about":[{"href":"https:\/\/ak47.nu\/fr\/wp-json\/wp\/v2\/types\/product"}],"wp:featuredmedia":[{"embeddable":true,"href":"https:\/\/ak47.nu\/fr\/wp-json\/wp\/v2\/media\/61664"}],"wp:attachment":[{"href":"https:\/\/ak47.nu\/fr\/wp-json\/wp\/v2\/media?parent=61665"}],"wp:term":[{"taxonomy":"product_brand","embeddable":true,"href":"https:\/\/ak47.nu\/fr\/wp-json\/wp\/v2\/product_brand?post=61665"},{"taxonomy":"product_cat","embeddable":true,"href":"https:\/\/ak47.nu\/fr\/wp-json\/wp\/v2\/product_cat?post=61665"},{"taxonomy":"product_tag","embeddable":true,"href":"https:\/\/ak47.nu\/fr\/wp-json\/wp\/v2\/product_tag?post=61665"}],"curies":[{"name":"wp","href":"https:\/\/api.w.org\/{rel}","templated":true}]}}