{"id":61668,"date":"2025-08-17T18:37:10","date_gmt":"2025-08-17T16:37:10","guid":{"rendered":"https:\/\/ak47.nu\/produkt\/okategoriserad\/solglasogon-stal-med-snygga-sidostycken\/"},"modified":"2026-03-02T21:23:42","modified_gmt":"2026-03-02T20:23:42","slug":"lunettes-soleil-acier-details-elegants","status":"publish","type":"product","link":"https:\/\/ak47.nu\/fr\/produit\/tillbehor-2\/ovriga-tillbehor\/lunettes-soleil-acier-details-elegants\/","title":{"rendered":"Lunettes de Soleil en Acier UV400"},"content":{"rendered":"<h1>Lunettes de Soleil en Acier avec D\u00e9tails \u00c9l\u00e9gants<\/h1>\n<h2>Lunettes de soleil tendance avec protection UV400<\/h2>\n<p>Ces lunettes de soleil couleur acier allient style et fonctionnalit\u00e9. Avec un motif \u00e9l\u00e9gant sur le pont nasal, des verres noirs et des lignes d\u00e9taill\u00e9es \u00e0 travers les branches, elles vous donnent un look tendance tout en prot\u00e9geant vos yeux. La protection UV400 filtre les rayonnements nocifs et la lumi\u00e8re jusqu'\u00e0 400 nanom\u00e8tres, offrant une protection efficace contre les rayons nocifs du soleil.<\/p>\n<p>Une paire de lunettes de soleil \u00e9l\u00e9gantes avec des verres noirs adapt\u00e9s \u00e0 toutes les occasions. Prot\u00e9gez vos yeux avec style ! <a href=\"https:\/\/ak47.nu\/fr\/butik\/\">D\u00e9couvrez nos autres lunettes de soleil<\/a> pour plus d'options.<\/p>\n<h3>Sp\u00e9cifications :<\/h3>\n<ul>\n  <li>Largeur du pont nasal : ~18 mm<\/li>\n  <li>Largeur des verres : ~51 mm<\/li>\n  <li>Longueur des branches : ~13 cm<\/li>\n  <li>Couleur de la monture : Argent<\/li>\n  <li>Couleur des verres : Noir<\/li>\n  <li>Poids : 31g<\/li>\n  <li>Protection UV400<\/li>\n<\/ul>\n<p>Ces lunettes de soleil ne sont pas seulement un accessoire de mode, mais aussi une protection essentielle pour vos yeux. Ne manquez pas l'occasion de combiner style et s\u00e9curit\u00e9. <a href=\"https:\/\/ak47.nu\/fr\/tillbehor-2\/ovriga-tillbehor\/\">Consultez notre gamme compl\u00e8te d'accessoires<\/a> et trouvez vos pr\u00e9f\u00e9r\u00e9s d\u00e8s aujourd'hui. Visitez notre <a href=\"https:\/\/ak47.nu\/fr\/\">page d'accueil<\/a> pour d\u00e9couvrir plus de produits !<\/p>","protected":false},"excerpt":{"rendered":"<p>K\u00f6p snygga solglas\u00f6gon i st\u00e5l med unika sidostycken &#8211; Perfekt f\u00f6r att skydda dina \u00f6gon och se trendig ut. Uppt\u00e4ck v\u00e5rt breda utbud av solglas\u00f6gon i st\u00e5l med olika sidostycken f\u00f6r att hitta din perfekta stil. Best\u00e4ll idag f\u00f6r snabb leverans och f\u00e5 ett par solglas\u00f6gon som b\u00e5de \u00e4r modefram\u00e5t och skyddande f\u00f6r dina \u00f6gon.<\/p>","protected":false},"featured_media":61666,"template":"","meta":[],"product_brand":[],"product_cat":[475],"product_tag":[],"class_list":{"0":"post-61668","1":"product","2":"type-product","3":"status-publish","4":"has-post-thumbnail","6":"product_cat-ovriga-tillbehor","7":"pa_brand-no-brand","9":"first","10":"instock","11":"sale","12":"taxable","13":"shipping-taxable","14":"purchasable","15":"product-type-simple"},"_links":{"self":[{"href":"https:\/\/ak47.nu\/fr\/wp-json\/wp\/v2\/product\/61668","targetHints":{"allow":["GET"]}}],"collection":[{"href":"https:\/\/ak47.nu\/fr\/wp-json\/wp\/v2\/product"}],"about":[{"href":"https:\/\/ak47.nu\/fr\/wp-json\/wp\/v2\/types\/product"}],"wp:featuredmedia":[{"embeddable":true,"href":"https:\/\/ak47.nu\/fr\/wp-json\/wp\/v2\/media\/61666"}],"wp:attachment":[{"href":"https:\/\/ak47.nu\/fr\/wp-json\/wp\/v2\/media?parent=61668"}],"wp:term":[{"taxonomy":"product_brand","embeddable":true,"href":"https:\/\/ak47.nu\/fr\/wp-json\/wp\/v2\/product_brand?post=61668"},{"taxonomy":"product_cat","embeddable":true,"href":"https:\/\/ak47.nu\/fr\/wp-json\/wp\/v2\/product_cat?post=61668"},{"taxonomy":"product_tag","embeddable":true,"href":"https:\/\/ak47.nu\/fr\/wp-json\/wp\/v2\/product_tag?post=61668"}],"curies":[{"name":"wp","href":"https:\/\/api.w.org\/{rel}","templated":true}]}}