{"id":61669,"date":"2025-08-17T18:37:11","date_gmt":"2025-08-17T16:37:11","guid":{"rendered":"https:\/\/ak47.nu\/produkt\/okategoriserad\/solglasogon-sport-svarta-med-spegelglas\/"},"modified":"2026-04-16T15:29:44","modified_gmt":"2026-04-16T13:29:44","slug":"lunettes-de-soleil-sport-noir-verres-miroir-bleu","status":"publish","type":"product","link":"https:\/\/ak47.nu\/fr\/produit\/tillbehor-2\/ovriga-tillbehor\/lunettes-de-soleil-sport-noir-verres-miroir-bleu\/","title":{"rendered":"Lunettes de Soleil Sport Noir Verres Miroir Bleu"},"content":{"rendered":"<h1>Lunettes de Soleil Sport Noires avec Verres Miroir Bleus<\/h1>\n<h2>Lunettes de Soleil de Sport Tendance avec Protection UV400<\/h2>\n<p>Ces lunettes de soleil noir mat combinent un design sportif classique avec un motif de vagues moderne sur les branches et des verres miroir bleus. En plus d'\u00eatre un accessoire tendance, elles prot\u00e8gent efficacement vos yeux contre les radiations nocives. Avec une protection UV400, ces lunettes de soleil filtrent les radiations et la lumi\u00e8re jusqu'\u00e0 une longueur d'onde de 400 nanom\u00e8tres. Parfait pour ceux qui veulent combiner style et protection en toutes circonstances.<\/p>\n<h3>Informations sur le produit<\/h3>\n<ul>\n <li><strong>Design :<\/strong> Design sportif classique avec motif de vagues sur les branches<\/li>\n <li><strong>Couleur :<\/strong> Monture noire mate et verres miroir bleus<\/li>\n <li><strong>Protection UV :<\/strong> UV400, prot\u00e8ge contre les radiations jusqu'\u00e0 400 nanom\u00e8tres<\/li>\n<\/ul>\n<h3>Sp\u00e9cifications<\/h3>\n<ul>\n <li>Largeur du pont de nez : ~16 mm<\/li>\n <li>Largeur des verres : ~60 mm<\/li>\n <li>Longueur des branches : ~12,5 cm<\/li>\n <li>Poids : ~25g<\/li>\n<\/ul>\n<p>D\u00e9couvrez notre large gamme de <a href=\"https:\/\/ak47.nu\/fr\/butik\/\">lunettes de soleil<\/a> pour trouver le style parfait pour vous. Compl\u00e9tez votre look avec une paire de lunettes de soleil tendance de notre <a href=\"https:\/\/ak47.nu\/fr\/tillbehor-2\/ovriga-tillbehor\/\">cat\u00e9gorie accessoires<\/a> et profitez \u00e0 la fois du style et de la protection. Visitez <a href=\"https:\/\/ak47.nu\/fr\/\">notre site web<\/a> pour voir toute notre gamme.<\/p>","protected":false},"excerpt":{"rendered":"<p>K\u00f6p solglas\u00f6gon sport svarta med spegelglas f\u00f6r b\u00e4sta skydd och stil. V\u00e5ra solglas\u00f6gon \u00e4r perfekta f\u00f6r sportaktiviteter och ger dig en trendig look. Best\u00e4ll dina svarta solglas\u00f6gon med spegelglas idag och njut av solen med stil.<\/p>","protected":false},"featured_media":62095,"template":"","meta":[],"product_brand":[],"product_cat":[475],"product_tag":[],"class_list":{"0":"post-61669","1":"product","2":"type-product","3":"status-publish","4":"has-post-thumbnail","6":"product_cat-ovriga-tillbehor","7":"pa_brand-no-brand","9":"first","10":"instock","11":"sale","12":"taxable","13":"shipping-taxable","14":"purchasable","15":"product-type-simple"},"_links":{"self":[{"href":"https:\/\/ak47.nu\/fr\/wp-json\/wp\/v2\/product\/61669","targetHints":{"allow":["GET"]}}],"collection":[{"href":"https:\/\/ak47.nu\/fr\/wp-json\/wp\/v2\/product"}],"about":[{"href":"https:\/\/ak47.nu\/fr\/wp-json\/wp\/v2\/types\/product"}],"wp:featuredmedia":[{"embeddable":true,"href":"https:\/\/ak47.nu\/fr\/wp-json\/wp\/v2\/media\/62095"}],"wp:attachment":[{"href":"https:\/\/ak47.nu\/fr\/wp-json\/wp\/v2\/media?parent=61669"}],"wp:term":[{"taxonomy":"product_brand","embeddable":true,"href":"https:\/\/ak47.nu\/fr\/wp-json\/wp\/v2\/product_brand?post=61669"},{"taxonomy":"product_cat","embeddable":true,"href":"https:\/\/ak47.nu\/fr\/wp-json\/wp\/v2\/product_cat?post=61669"},{"taxonomy":"product_tag","embeddable":true,"href":"https:\/\/ak47.nu\/fr\/wp-json\/wp\/v2\/product_tag?post=61669"}],"curies":[{"name":"wp","href":"https:\/\/api.w.org\/{rel}","templated":true}]}}