{"id":61678,"date":"2025-08-17T18:37:43","date_gmt":"2025-08-17T16:37:43","guid":{"rendered":"https:\/\/ak47.nu\/produkt\/okategoriserad\/solglasogon-svarta-med-bla-spegel-lins-och-guld-detaljer\/"},"modified":"2026-01-03T21:53:33","modified_gmt":"2026-01-03T20:53:33","slug":"lunettes-de-soleil-noires-miroir-bleu-or","status":"publish","type":"product","link":"https:\/\/ak47.nu\/fr\/produit\/tillbehor-2\/ovriga-tillbehor\/lunettes-de-soleil-noires-miroir-bleu-or\/","title":{"rendered":"Lunettes de Soleil Noires Miroir Bleu & Or"},"content":{"rendered":"<h1>Lunettes de Soleil Noires avec Verres Miroir Bleu et D\u00e9tails Dor\u00e9s<\/h1>\n<h2>Lunettes de soleil tendance avec protection UV400<\/h2>\n<p>Ces lunettes de soleil noires allient style et fonctionnalit\u00e9, con\u00e7ues pour prot\u00e9ger vos yeux tout en vous donnant un look tendance. Dot\u00e9es d'une monture noire \u00e9l\u00e9gante accentu\u00e9e par des d\u00e9tails dor\u00e9s et des verres miroir bleu accrocheurs, ces lunettes de soleil sont un incontournable pour tout passionn\u00e9 de mode. La protection UV400 filtre efficacement le rayonnement et la lumi\u00e8re jusqu'\u00e0 400 nanom\u00e8tres, offrant une protection s\u00fbre contre les rayons nocifs du soleil. Prot\u00e9gez vos yeux avec style. Vous trouverez des <a href=\"https:\/\/ak47.nu\/fr\/butik\/\">lunettes de soleil similaires avec des verres bleus<\/a> dans notre assortiment.<\/p>\n<h3>Sp\u00e9cifications :<\/h3>\n<ul>\n <li><strong>Couleur :<\/strong> Monture noire \/ dor\u00e9e avec verres miroir bleu<\/li>\n <li><strong>Protection UV :<\/strong> UV400 (filtre jusqu'\u00e0 400 nm)<\/li>\n <li><strong>Largeur du pont de nez :<\/strong> ~20 mm<\/li>\n <li><strong>Largeur des verres :<\/strong> ~49 mm<\/li>\n <li><strong>Longueur des branches :<\/strong> ~14,5 cm<\/li>\n <li><strong>Poids :<\/strong> ~29g<\/li>\n<\/ul>\n<p>Ces lunettes de soleil sont con\u00e7ues pour \u00eatre \u00e0 la fois l\u00e9g\u00e8res et confortables, ce qui les rend parfaites pour un usage quotidien. Le design d\u00e9taill\u00e9 avec une monture dor\u00e9e sur le bas ajoute une touche exclusive. Avec ces <a href=\"https:\/\/ak47.nu\/fr\/tillbehor-2\/ovriga-tillbehor\/\">lunettes de soleil tendance<\/a>, vous pouvez \u00eatre s\u00fbr de prot\u00e9ger vos yeux tout en ayant fi\u00e8re allure. Compl\u00e9tez votre look d\u00e8s aujourd'hui - <a href=\"https:\/\/ak47.nu\/fr\/\">visitez notre boutique<\/a> pour plus de styles !<\/p>","protected":false},"excerpt":{"rendered":"<p>Lunettes de Soleil Noires avec Verres Miroir Bleu et D\u00e9tails Dor\u00e9s Lunettes de soleil tendance avec protection UV400 Ces lunettes de soleil noires allient style et fonctionnalit\u00e9, con\u00e7ues pour prot\u00e9ger vos yeux tout en vous donnant un look tendance. Dot\u00e9es d&#8217;une monture noire \u00e9l\u00e9gante accentu\u00e9e par des d\u00e9tails dor\u00e9s et des verres miroir bleu accrocheurs, [&#8230;]","protected":false},"featured_media":61677,"template":"","meta":[],"product_brand":[],"product_cat":[475],"product_tag":[],"class_list":{"0":"post-61678","1":"product","2":"type-product","3":"status-publish","4":"has-post-thumbnail","6":"product_cat-ovriga-tillbehor","7":"pa_brand-no-brand","9":"first","10":"instock","11":"sale","12":"taxable","13":"shipping-taxable","14":"purchasable","15":"product-type-simple"},"_links":{"self":[{"href":"https:\/\/ak47.nu\/fr\/wp-json\/wp\/v2\/product\/61678","targetHints":{"allow":["GET"]}}],"collection":[{"href":"https:\/\/ak47.nu\/fr\/wp-json\/wp\/v2\/product"}],"about":[{"href":"https:\/\/ak47.nu\/fr\/wp-json\/wp\/v2\/types\/product"}],"wp:featuredmedia":[{"embeddable":true,"href":"https:\/\/ak47.nu\/fr\/wp-json\/wp\/v2\/media\/61677"}],"wp:attachment":[{"href":"https:\/\/ak47.nu\/fr\/wp-json\/wp\/v2\/media?parent=61678"}],"wp:term":[{"taxonomy":"product_brand","embeddable":true,"href":"https:\/\/ak47.nu\/fr\/wp-json\/wp\/v2\/product_brand?post=61678"},{"taxonomy":"product_cat","embeddable":true,"href":"https:\/\/ak47.nu\/fr\/wp-json\/wp\/v2\/product_cat?post=61678"},{"taxonomy":"product_tag","embeddable":true,"href":"https:\/\/ak47.nu\/fr\/wp-json\/wp\/v2\/product_tag?post=61678"}],"curies":[{"name":"wp","href":"https:\/\/api.w.org\/{rel}","templated":true}]}}