{"id":61698,"date":"2025-08-17T18:38:40","date_gmt":"2025-08-17T16:38:40","guid":{"rendered":"https:\/\/ak47.nu\/produkt\/okategoriserad\/solglasogon-guld-skoldpaddsfargade-med-lila-lins\/"},"modified":"2026-01-03T14:03:35","modified_gmt":"2026-01-03T13:03:35","slug":"lunettes-soleil-dorees-ecaille-verres-violets","status":"publish","type":"product","link":"https:\/\/ak47.nu\/fr\/produit\/tillbehor-2\/ovriga-tillbehor\/lunettes-soleil-dorees-ecaille-verres-violets\/","title":{"rendered":"Lunettes de Soleil Dor\u00e9es \u00c9caille Verres Violets"},"content":{"rendered":"<h1>Lunettes de Soleil Dor\u00e9es, \u00c9caille avec Verres Violets<\/h1>\n<h2>Lunettes de soleil \u00e9l\u00e9gantes avec protection UV<\/h2>\n<p>Ces lunettes de soleil ovales chics en or et \u00e9caille combinent style et fonctionnalit\u00e9. Les verres violets offrent un look tendance tout en prot\u00e9geant vos yeux des radiations nocives. Parfait pour ceux qui veulent \u00eatre \u00e0 la fois modernes et en s\u00e9curit\u00e9.<\/p>\n<h3>Caract\u00e9ristiques et avantages<\/h3>\n<ul>\n <li><b>Protection UV :<\/b> Filtre les radiations et la lumi\u00e8re nocives pour prot\u00e9ger vos yeux.<\/li>\n <li><b>Design tendance :<\/b> Forme ovale avec une combinaison de monture dor\u00e9e et \u00e9caille et de verres violets.<\/li>\n <li><b>L\u00e9ger :<\/b> Avec un poids d'environ 27g, ces lunettes de soleil sont confortables \u00e0 porter toute la journ\u00e9e.<\/li>\n<\/ul>\n<h3>Sp\u00e9cifications<\/h3>\n<ul>\n <li>Largeur du pont de nez : ~20 mm<\/li>\n <li>Largeur des verres : ~52 mm<\/li>\n <li>Longueur des branches : ~14 cm<\/li>\n <li>Couleur de la monture : Or et \u00e9caille<\/li>\n <li>Couleur des verres : Violet<\/li>\n <li>Poids : ~27g<\/li>\n<\/ul>\n<p>D\u00e9couvrez notre gamme d'autres <a href=\"https:\/\/ak47.nu\/fr\/butik\/\">lunettes de soleil tendance<\/a> et trouvez le style parfait pour vous. Pour plus d'informations sur nos produits et offres, visitez notre <a href=\"https:\/\/ak47.nu\/fr\/\">site web<\/a>. Explorez toute la collection dans la cat\u00e9gorie <a href=\"https:\/\/ak47.nu\/fr\/tillbehor-2\/ovriga-tillbehor\/\">Accessoires<\/a>.<\/p>","protected":false},"excerpt":{"rendered":"<p>K\u00f6p trendiga solglas\u00f6gon i guld med sk\u00f6ldpaddsf\u00e4rgade b\u00e5gar och lila linser &#8211; b\u00e4sta urvalet f\u00f6r att skydda dina \u00f6gon och se snygg ut. Best\u00e4ll nu f\u00f6r snabb leverans!<\/p>","protected":false},"featured_media":61697,"template":"","meta":[],"product_brand":[],"product_cat":[475],"product_tag":[],"class_list":{"0":"post-61698","1":"product","2":"type-product","3":"status-publish","4":"has-post-thumbnail","6":"product_cat-ovriga-tillbehor","7":"pa_brand-no-brand","9":"first","10":"instock","11":"sale","12":"taxable","13":"shipping-taxable","14":"purchasable","15":"product-type-simple"},"_links":{"self":[{"href":"https:\/\/ak47.nu\/fr\/wp-json\/wp\/v2\/product\/61698","targetHints":{"allow":["GET"]}}],"collection":[{"href":"https:\/\/ak47.nu\/fr\/wp-json\/wp\/v2\/product"}],"about":[{"href":"https:\/\/ak47.nu\/fr\/wp-json\/wp\/v2\/types\/product"}],"wp:featuredmedia":[{"embeddable":true,"href":"https:\/\/ak47.nu\/fr\/wp-json\/wp\/v2\/media\/61697"}],"wp:attachment":[{"href":"https:\/\/ak47.nu\/fr\/wp-json\/wp\/v2\/media?parent=61698"}],"wp:term":[{"taxonomy":"product_brand","embeddable":true,"href":"https:\/\/ak47.nu\/fr\/wp-json\/wp\/v2\/product_brand?post=61698"},{"taxonomy":"product_cat","embeddable":true,"href":"https:\/\/ak47.nu\/fr\/wp-json\/wp\/v2\/product_cat?post=61698"},{"taxonomy":"product_tag","embeddable":true,"href":"https:\/\/ak47.nu\/fr\/wp-json\/wp\/v2\/product_tag?post=61698"}],"curies":[{"name":"wp","href":"https:\/\/api.w.org\/{rel}","templated":true}]}}