{"id":61705,"date":"2025-08-17T18:38:48","date_gmt":"2025-08-17T16:38:48","guid":{"rendered":"https:\/\/ak47.nu\/produkt\/okategoriserad\/solglasogon-guld-skoldpaddsfargade-med-gron-lins\/"},"modified":"2026-04-09T10:19:06","modified_gmt":"2026-04-09T08:19:06","slug":"lunettes-de-soleil-dorees-ecailles-vertes","status":"publish","type":"product","link":"https:\/\/ak47.nu\/fr\/produit\/tillbehor-2\/ovriga-tillbehor\/lunettes-de-soleil-dorees-ecailles-vertes\/","title":{"rendered":"Lunettes de Soleil Dor\u00e9es \u00c9cailles Verres Verts | Protection UV"},"content":{"rendered":"<h1>Lunettes de Soleil Dor\u00e9es, \u00c9cailles avec Verres Verts<\/h1>\n<h2>Lunettes de Soleil \u00c9l\u00e9gantes avec Protection UV<\/h2>\n<p>Ces lunettes de soleil ovales \u00e9l\u00e9gantes dor\u00e9es et \u00e9cailles sont le choix parfait pour ceux qui veulent combiner style et protection. Avec un design tendance et des verres verts, elles offrent \u00e0 vos yeux la protection dont ils ont besoin contre les rayons UV nocifs. Les lunettes de soleil filtrent efficacement les radiations nocives et la lumi\u00e8re vive, ce qui les rend id\u00e9ales pour toutes les occasions.<\/p>\n\n<h3>Caract\u00e9ristiques et Avantages :<\/h3>\n<ul>\n <li><b>Protection UV :<\/b> Prot\u00e8ge vos yeux contre les rayons UV nocifs.<\/li>\n <li><b>Design Tendance :<\/b> Lunettes de soleil ovales en or et \u00e9caille qui compl\u00e8tent votre style.<\/li>\n <li><b>Verres Verts :<\/b> Offrent une impression visuelle confortable et prot\u00e8gent contre la lumi\u00e8re vive.<\/li>\n<\/ul>\n\n<h3>Sp\u00e9cifications :<\/h3>\n<ul>\n <li>Mod\u00e8le : Lunettes de soleil ovales<\/li>\n <li>Largeur du pont de nez : ~20 mm<\/li>\n <li>Largeur des verres : ~52 mm<\/li>\n <li>Longueur des branches : ~14 cm<\/li>\n <li>Couleur de la monture : Dor\u00e9 et \u00e9caille<\/li>\n <li>Couleur des verres : Vert<\/li>\n <li>Poids : ~27g<\/li>\n<\/ul>\n\n<p>Avec ces lunettes de soleil, vous obtenez \u00e0 la fois un accessoire \u00e9l\u00e9gant et une protection importante pour vos yeux. Parfaites pour les journ\u00e9es ensoleill\u00e9es et toutes les activit\u00e9s de plein air. Compl\u00e9tez votre look et prot\u00e9gez vos yeux avec ces lunettes de soleil tendance. D\u00e9couvrez notre gamme d'<a href=\"https:\/\/ak47.nu\/fr\/butik\/\">autres lunettes de soleil<\/a> pour trouver votre style parfait. Pour plus d'options, visitez notre <a href=\"https:\/\/ak47.nu\/fr\/tillbehor-2\/ovriga-tillbehor\/\">cat\u00e9gorie de lunettes de soleil<\/a>. Consultez toute notre gamme sur <a href=\"https:\/\/ak47.nu\/fr\/\">notre site web<\/a>.<\/p>","protected":false},"excerpt":{"rendered":"<p>K\u00f6p solglas\u00f6gon i guld med sk\u00f6ldpaddsf\u00e4rgade b\u00e5gar och gr\u00f6na linser online. Perfekt f\u00f6r att skydda dina \u00f6gon i stil. Uppt\u00e4ck v\u00e5rt breda utbud av solglas\u00f6gon i guld och best\u00e4ll idag f\u00f6r snabb leverans.<\/p>","protected":false},"featured_media":61703,"template":"","meta":[],"product_brand":[],"product_cat":[475],"product_tag":[],"class_list":{"0":"post-61705","1":"product","2":"type-product","3":"status-publish","4":"has-post-thumbnail","6":"product_cat-ovriga-tillbehor","7":"pa_brand-no-brand","9":"first","10":"instock","11":"sale","12":"taxable","13":"shipping-taxable","14":"purchasable","15":"product-type-simple"},"_links":{"self":[{"href":"https:\/\/ak47.nu\/fr\/wp-json\/wp\/v2\/product\/61705","targetHints":{"allow":["GET"]}}],"collection":[{"href":"https:\/\/ak47.nu\/fr\/wp-json\/wp\/v2\/product"}],"about":[{"href":"https:\/\/ak47.nu\/fr\/wp-json\/wp\/v2\/types\/product"}],"wp:featuredmedia":[{"embeddable":true,"href":"https:\/\/ak47.nu\/fr\/wp-json\/wp\/v2\/media\/61703"}],"wp:attachment":[{"href":"https:\/\/ak47.nu\/fr\/wp-json\/wp\/v2\/media?parent=61705"}],"wp:term":[{"taxonomy":"product_brand","embeddable":true,"href":"https:\/\/ak47.nu\/fr\/wp-json\/wp\/v2\/product_brand?post=61705"},{"taxonomy":"product_cat","embeddable":true,"href":"https:\/\/ak47.nu\/fr\/wp-json\/wp\/v2\/product_cat?post=61705"},{"taxonomy":"product_tag","embeddable":true,"href":"https:\/\/ak47.nu\/fr\/wp-json\/wp\/v2\/product_tag?post=61705"}],"curies":[{"name":"wp","href":"https:\/\/api.w.org\/{rel}","templated":true}]}}