{"id":61707,"date":"2025-08-17T18:38:48","date_gmt":"2025-08-17T16:38:48","guid":{"rendered":"https:\/\/ak47.nu\/produkt\/okategoriserad\/solglasogon-ljusbla-med-gra-spegellins\/"},"modified":"2026-04-16T15:30:03","modified_gmt":"2026-04-16T13:30:03","slug":"lunettes-soleil-bleu-clair-verres-miroir-gris-uv400","status":"publish","type":"product","link":"https:\/\/ak47.nu\/fr\/produit\/tillbehor-2\/ovriga-tillbehor\/lunettes-soleil-bleu-clair-verres-miroir-gris-uv400\/","title":{"rendered":"Lunettes de Soleil Bleu Clair avec Verres Miroir Gris & UV400"},"content":{"rendered":"<h1>Lunettes de Soleil Bleu Clair avec Verres Miroir Gris<\/h1>\n<h2>Lunettes de soleil tendance avec protection UV400<\/h2>\n<p>Ces lunettes de soleil bleu clair mat combinent un design sportif classique avec un look moderne. Les verres miroirs gris ajoutent une touche tendance tout en prot\u00e9geant vos yeux des rayonnements nocifs. Avec une protection UV400, elles filtrent efficacement les rayonnements et la lumi\u00e8re jusqu'\u00e0 une longueur d'onde de 400 nanom\u00e8tres, offrant une protection s\u00fbre en plein soleil.<\/p>\n<h3>Avantages et caract\u00e9ristiques du produit<\/h3>\n<ul>\n <li><strong>Protection UV400 :<\/strong> Prot\u00e8ge vos yeux contre les rayons UV nocifs jusqu'\u00e0 400 nanom\u00e8tres.<\/li>\n <li><strong>Design tendance :<\/strong> Monture bleu clair mat avec verres miroirs gris offrant un look moderne et \u00e9l\u00e9gant.<\/li>\n <li><strong>Design sportif classique :<\/strong> Un style intemporel qui convient \u00e0 la plupart des formes de visage et des occasions.<\/li>\n<\/ul>\n<h3>Sp\u00e9cifications<\/h3>\n<ul>\n <li>Largeur du pont de nez : ~20 mm<\/li>\n <li>Largeur des verres : ~90 mm<\/li>\n <li>Longueur des branches : ~11 cm<\/li>\n <li>Couleur de la monture : Bleu clair<\/li>\n <li>Couleur des verres : Gris<\/li>\n <li>Poids : ~26g<\/li>\n<\/ul>\n<p>Ces lunettes de soleil ne sont pas seulement une d\u00e9claration de mode, mais aussi une protection essentielle pour vos yeux. Parfaites pour un usage quotidien et les activit\u00e9s sportives. Compl\u00e9tez votre style avec ces \u00e9l\u00e9gantes <a href=\"https:\/\/ak47.nu\/fr\/butik\/\">lunettes de soleil bleu clair<\/a>. D\u00e9couvrez d'autres produits similaires dans notre <a href=\"https:\/\/ak47.nu\/fr\/tillbehor-2\/ovriga-tillbehor\/\">cat\u00e9gorie de lunettes de soleil<\/a>. Pour plus d'offres, visitez notre <a href=\"https:\/\/ak47.nu\/fr\/\">page d'accueil<\/a>.<\/p>","protected":false},"excerpt":{"rendered":"<p>K\u00f6p ljusbl\u00e5a solglas\u00f6gon med gr\u00e5 spegellinser &#8211; H\u00f6g kvalitet till bra pris.<\/p>","protected":false},"featured_media":62102,"template":"","meta":[],"product_brand":[],"product_cat":[475],"product_tag":[],"class_list":{"0":"post-61707","1":"product","2":"type-product","3":"status-publish","4":"has-post-thumbnail","6":"product_cat-ovriga-tillbehor","7":"pa_brand-no-brand","9":"first","10":"instock","11":"sale","12":"taxable","13":"shipping-taxable","14":"purchasable","15":"product-type-simple"},"_links":{"self":[{"href":"https:\/\/ak47.nu\/fr\/wp-json\/wp\/v2\/product\/61707","targetHints":{"allow":["GET"]}}],"collection":[{"href":"https:\/\/ak47.nu\/fr\/wp-json\/wp\/v2\/product"}],"about":[{"href":"https:\/\/ak47.nu\/fr\/wp-json\/wp\/v2\/types\/product"}],"wp:featuredmedia":[{"embeddable":true,"href":"https:\/\/ak47.nu\/fr\/wp-json\/wp\/v2\/media\/62102"}],"wp:attachment":[{"href":"https:\/\/ak47.nu\/fr\/wp-json\/wp\/v2\/media?parent=61707"}],"wp:term":[{"taxonomy":"product_brand","embeddable":true,"href":"https:\/\/ak47.nu\/fr\/wp-json\/wp\/v2\/product_brand?post=61707"},{"taxonomy":"product_cat","embeddable":true,"href":"https:\/\/ak47.nu\/fr\/wp-json\/wp\/v2\/product_cat?post=61707"},{"taxonomy":"product_tag","embeddable":true,"href":"https:\/\/ak47.nu\/fr\/wp-json\/wp\/v2\/product_tag?post=61707"}],"curies":[{"name":"wp","href":"https:\/\/api.w.org\/{rel}","templated":true}]}}