{"id":61713,"date":"2025-08-17T18:38:57","date_gmt":"2025-08-17T16:38:57","guid":{"rendered":"https:\/\/ak47.nu\/produkt\/okategoriserad\/solglasogon-silver-med-svart-lins\/"},"modified":"2025-12-03T23:58:57","modified_gmt":"2025-12-03T22:58:57","slug":"lunettes-de-soleil-argentees-verres-noirs","status":"publish","type":"product","link":"https:\/\/ak47.nu\/fr\/produit\/tillbehor-2\/ovriga-tillbehor\/lunettes-de-soleil-argentees-verres-noirs\/","title":{"rendered":"Lunettes de soleil argent\u00e9es avec verres noirs et protection UV400"},"content":{"rendered":"<h1>Lunettes de soleil argent\u00e9es avec verres noirs<\/h1>\n<h2>Lunettes de soleil tendance pour style et protection<\/h2>\n<p>Ces \u00e9l\u00e9gantes <strong>lunettes de soleil argent\u00e9es<\/strong> sont dot\u00e9es d'une monture argent\u00e9e mate avec un d\u00e9tail noir distinctif sur le pont nasal et des verres noirs \u00e9l\u00e9gants. Elles sont con\u00e7ues pour allier mode et fonctionnalit\u00e9, afin que vous puissiez \u00eatre \u00e0 la fois tendance et prot\u00e9ger vos yeux des rayons nocifs. Prot\u00e9gez vos yeux avec style! D\u00e9couvrez notre gamme d'<a href=\"https:\/\/ak47.nu\/fr\/butik\/\">autres lunettes de soleil<\/a> pour trouver la combinaison parfaite.<\/p>\n\n<h3>Protection UV400<\/h3>\n<p>Les lunettes de soleil sont \u00e9quip\u00e9es d'une <strong>protection UV400<\/strong>, ce qui signifie qu'elles filtrent le rayonnement nocif et la lumi\u00e8re jusqu'\u00e0 une longueur d'onde de 400 nanom\u00e8tres. Cela offre une excellente protection \u00e0 vos yeux contre les rayons UV nocifs du soleil. Trouvez des produits similaires dans notre <a href=\"https:\/\/ak47.nu\/fr\/tillbehor-2\/ovriga-tillbehor\/\">cat\u00e9gorie de lunettes de soleil<\/a>.<\/p>\n\n<h3>Design et sp\u00e9cifications<\/h3>\n<p>Ces lunettes de soleil ovales ont un design intemporel qui convient \u00e0 la plupart des formes de visage. Avec des verres noirs et une monture argent\u00e9e, elles sont faciles \u00e0 assortir \u00e0 diff\u00e9rents styles et tenues. Am\u00e9liorez votre style et prenez soin de vos yeux. Compl\u00e9tez votre look, <a href=\"https:\/\/ak47.nu\/fr\/\">visitez notre site web<\/a> pour plus d'accessoires.<\/p>\n\n<ul>\n  <li><strong>Mod\u00e8le :<\/strong> Ovale<\/li>\n  <li><strong>Largeur du pont de nez :<\/strong> ~20 mm<\/li>\n  <li><strong>Largeur des verres :<\/strong> ~55 mm<\/li>\n  <li><strong>Longueur des branches :<\/strong> ~14 cm<\/li>\n  <li><strong>Couleur de la monture :<\/strong> Argent<\/li>\n  <li><strong>Couleur des verres :<\/strong> Noir<\/li>\n  <li><strong>Poids :<\/strong> 23g<\/li>\n<\/ul>","protected":false},"excerpt":{"rendered":"<p>Hitta trendiga solglas\u00f6gon i silver med svarta linser f\u00f6r att skydda dina \u00f6gon och ge en stilren look. Utforska v\u00e5rt sortiment av solglas\u00f6gon i silver med svart lins och hitta din perfekta accessoar f\u00f6r sommaren. K\u00f6p nu och njut av b\u00e5de mode och funktion!<\/p>","protected":false},"featured_media":61756,"template":"","meta":[],"product_brand":[],"product_cat":[475],"product_tag":[],"class_list":{"0":"post-61713","1":"product","2":"type-product","3":"status-publish","4":"has-post-thumbnail","6":"product_cat-ovriga-tillbehor","7":"pa_brand-no-brand","9":"first","10":"instock","11":"sale","12":"taxable","13":"shipping-taxable","14":"purchasable","15":"product-type-simple"},"_links":{"self":[{"href":"https:\/\/ak47.nu\/fr\/wp-json\/wp\/v2\/product\/61713","targetHints":{"allow":["GET"]}}],"collection":[{"href":"https:\/\/ak47.nu\/fr\/wp-json\/wp\/v2\/product"}],"about":[{"href":"https:\/\/ak47.nu\/fr\/wp-json\/wp\/v2\/types\/product"}],"wp:featuredmedia":[{"embeddable":true,"href":"https:\/\/ak47.nu\/fr\/wp-json\/wp\/v2\/media\/61756"}],"wp:attachment":[{"href":"https:\/\/ak47.nu\/fr\/wp-json\/wp\/v2\/media?parent=61713"}],"wp:term":[{"taxonomy":"product_brand","embeddable":true,"href":"https:\/\/ak47.nu\/fr\/wp-json\/wp\/v2\/product_brand?post=61713"},{"taxonomy":"product_cat","embeddable":true,"href":"https:\/\/ak47.nu\/fr\/wp-json\/wp\/v2\/product_cat?post=61713"},{"taxonomy":"product_tag","embeddable":true,"href":"https:\/\/ak47.nu\/fr\/wp-json\/wp\/v2\/product_tag?post=61713"}],"curies":[{"name":"wp","href":"https:\/\/api.w.org\/{rel}","templated":true}]}}