{"id":61730,"date":"2025-08-17T18:46:35","date_gmt":"2025-08-17T16:46:35","guid":{"rendered":"https:\/\/ak47.nu\/produkt\/okategoriserad\/solglasogon-skoldpaddsfargade-med-spegelglas\/"},"modified":"2025-12-03T23:59:05","modified_gmt":"2025-12-03T22:59:05","slug":"lunettes-de-soleil-ecaille-avec-verres-miroir","status":"publish","type":"product","link":"https:\/\/ak47.nu\/fr\/produit\/tillbehor-2\/ovriga-tillbehor\/lunettes-de-soleil-ecaille-avec-verres-miroir\/","title":{"rendered":"Lunettes de Soleil \u00c9caille avec Verres Miroir"},"content":{"rendered":"<h1>Lunettes de Soleil \u00c9caille avec Verres Miroir<\/h1>\n<h2>Lunettes de soleil tendance avec protection UV<\/h2>\n<p>Ces lunettes de soleil \u00e9caille combinent un design classique avec des verres miroirs violets et bleus modernes. Prot\u00e9gez vos yeux tout en restant tendance avec ces lunettes de soleil qui filtrent efficacement les rayonnements nocifs et la lumi\u00e8re forte gr\u00e2ce \u00e0 la protection UV int\u00e9gr\u00e9e. Profitez \u00e0 la fois du style et de la fonctionnalit\u00e9!<\/p>\n<h3>Information produit<\/h3>\n<ul>\n <li><strong>Design:<\/strong> Monture \u00e9caille classique avec verres miroirs violets\/bleus.<\/li>\n <li><strong>Protection UV:<\/strong> Filtre les rayons UV nocifs et la lumi\u00e8re forte pour prot\u00e9ger vos yeux.<\/li>\n <li><strong>Largeur du pont:<\/strong> ~14 mm.<\/li>\n <li><strong>Largeur des verres:<\/strong> ~55 mm.<\/li>\n <li><strong>Longueur des branches:<\/strong> ~14 cm.<\/li>\n <li><strong>Couleur de la monture:<\/strong> \u00c9caille.<\/li>\n <li><strong>Couleur des verres:<\/strong> Miroir (violet\/bleu).<\/li>\n <li><strong>Poids:<\/strong> ~28g.<\/li>\n<\/ul>\n<p>D\u00e9couvrez notre large gamme de <a href=\"https:\/\/ak47.nu\/fr\/butik\/\">lunettes de soleil tendance<\/a> et trouvez le style parfait pour vous. Compl\u00e9tez votre look en visitant notre <a href=\"https:\/\/ak47.nu\/fr\/tillbehor-2\/ovriga-tillbehor\/\">cat\u00e9gorie accessoires<\/a> pour trouver des accessoires assortis. Pour plus de produits et d'offres, visitez notre <a href=\"https:\/\/ak47.nu\/fr\/\">page d'accueil<\/a>.<\/p>","protected":false},"excerpt":{"rendered":"<p>K\u00f6p trendiga solglas\u00f6gon i sk\u00f6ldpaddsf\u00e4rg med spegelglas &#8211; b\u00e4sta priset online. Uppt\u00e4ck v\u00e5rt stora utbud av solglas\u00f6gon och ge din outfit en stilfull touch. Best\u00e4ll nu f\u00f6r snabb och s\u00e4ker leverans.<\/p>","protected":false},"featured_media":61729,"template":"","meta":[],"product_brand":[],"product_cat":[475],"product_tag":[],"class_list":{"0":"post-61730","1":"product","2":"type-product","3":"status-publish","4":"has-post-thumbnail","6":"product_cat-ovriga-tillbehor","7":"pa_brand-no-brand","9":"first","10":"instock","11":"sale","12":"taxable","13":"shipping-taxable","14":"purchasable","15":"product-type-simple"},"_links":{"self":[{"href":"https:\/\/ak47.nu\/fr\/wp-json\/wp\/v2\/product\/61730","targetHints":{"allow":["GET"]}}],"collection":[{"href":"https:\/\/ak47.nu\/fr\/wp-json\/wp\/v2\/product"}],"about":[{"href":"https:\/\/ak47.nu\/fr\/wp-json\/wp\/v2\/types\/product"}],"wp:featuredmedia":[{"embeddable":true,"href":"https:\/\/ak47.nu\/fr\/wp-json\/wp\/v2\/media\/61729"}],"wp:attachment":[{"href":"https:\/\/ak47.nu\/fr\/wp-json\/wp\/v2\/media?parent=61730"}],"wp:term":[{"taxonomy":"product_brand","embeddable":true,"href":"https:\/\/ak47.nu\/fr\/wp-json\/wp\/v2\/product_brand?post=61730"},{"taxonomy":"product_cat","embeddable":true,"href":"https:\/\/ak47.nu\/fr\/wp-json\/wp\/v2\/product_cat?post=61730"},{"taxonomy":"product_tag","embeddable":true,"href":"https:\/\/ak47.nu\/fr\/wp-json\/wp\/v2\/product_tag?post=61730"}],"curies":[{"name":"wp","href":"https:\/\/api.w.org\/{rel}","templated":true}]}}