{"id":61745,"date":"2025-08-17T18:51:06","date_gmt":"2025-08-17T16:51:06","guid":{"rendered":"https:\/\/ak47.nu\/produkt\/okategoriserad\/solglasogon-vinrod-med-svart-lins\/"},"modified":"2026-04-16T15:29:52","modified_gmt":"2026-04-16T13:29:52","slug":"lunettes-de-soleil-bordeaux-verres-noirs","status":"publish","type":"product","link":"https:\/\/ak47.nu\/fr\/produit\/tillbehor-2\/ovriga-tillbehor\/lunettes-de-soleil-bordeaux-verres-noirs\/","title":{"rendered":"Lunettes de Soleil Bordeaux avec Verres Noirs | Protection UV400"},"content":{"rendered":"<h1>Lunettes de Soleil Bordeaux avec Verres Noirs<\/h1>\n<h2>Lunettes de soleil tendance avec protection UV400<\/h2>\n<p>Ces lunettes de soleil bordeaux mat combinent un design sportif classique avec une touche tendance. Les verres noirs et le motif de trous \u00e9l\u00e9gant sur les branches en font un accessoire de choix. Prot\u00e9gez vos yeux tout en restant \u00e0 la mode avec ces superbes lunettes de soleil.<\/p>\n<p>La protection UV400 filtre les radiations nocives et la lumi\u00e8re jusqu'\u00e0 une longueur d'onde de 400 nanom\u00e8tres, offrant une protection efficace contre les rayons du soleil. Parfait pour toutes les occasions o\u00f9 vous souhaitez allier style et fonctionnalit\u00e9.<\/p>\n<h3>Sp\u00e9cifications:<\/h3>\n<ul>\n  <li>Largeur du pont de nez : ~15 mm<\/li>\n  <li>Largeur des verres : ~55 mm<\/li>\n  <li>Longueur des branches : ~12 cm<\/li>\n  <li>Couleur de la monture : Bordeaux<\/li>\n  <li>Couleur des verres : Noir<\/li>\n  <li>Poids : ~23g<\/li>\n<\/ul>\n<p>D\u00e9couvrez notre gamme d'<a href=\"https:\/\/ak47.nu\/fr\/butik\/\">autres lunettes de soleil<\/a> et trouvez vos mod\u00e8les pr\u00e9f\u00e9r\u00e9s. Visitez notre <a href=\"https:\/\/ak47.nu\/fr\/tillbehor-2\/ovriga-tillbehor\/\">cat\u00e9gorie accessoires<\/a> pour compl\u00e9ter votre style. N'oubliez pas de consulter <a href=\"https:\/\/ak47.nu\/fr\/\">notre page d'accueil<\/a> pour les derni\u00e8res nouvelles et offres.<\/p>","protected":false},"excerpt":{"rendered":"<p>K\u00f6p trendiga solglas\u00f6gon i vinr\u00f6tt med svarta linser &#8211; b\u00e4sta priset och kvaliteten online. Perfekta accessoaren f\u00f6r att skydda dina \u00f6gon och ge en stilfull look. Best\u00e4ll idag!<\/p>","protected":false},"featured_media":61743,"template":"","meta":[],"product_brand":[],"product_cat":[475],"product_tag":[],"class_list":{"0":"post-61745","1":"product","2":"type-product","3":"status-publish","4":"has-post-thumbnail","6":"product_cat-ovriga-tillbehor","7":"pa_brand-no-brand","9":"first","10":"instock","11":"sale","12":"taxable","13":"shipping-taxable","14":"purchasable","15":"product-type-simple"},"_links":{"self":[{"href":"https:\/\/ak47.nu\/fr\/wp-json\/wp\/v2\/product\/61745","targetHints":{"allow":["GET"]}}],"collection":[{"href":"https:\/\/ak47.nu\/fr\/wp-json\/wp\/v2\/product"}],"about":[{"href":"https:\/\/ak47.nu\/fr\/wp-json\/wp\/v2\/types\/product"}],"wp:featuredmedia":[{"embeddable":true,"href":"https:\/\/ak47.nu\/fr\/wp-json\/wp\/v2\/media\/61743"}],"wp:attachment":[{"href":"https:\/\/ak47.nu\/fr\/wp-json\/wp\/v2\/media?parent=61745"}],"wp:term":[{"taxonomy":"product_brand","embeddable":true,"href":"https:\/\/ak47.nu\/fr\/wp-json\/wp\/v2\/product_brand?post=61745"},{"taxonomy":"product_cat","embeddable":true,"href":"https:\/\/ak47.nu\/fr\/wp-json\/wp\/v2\/product_cat?post=61745"},{"taxonomy":"product_tag","embeddable":true,"href":"https:\/\/ak47.nu\/fr\/wp-json\/wp\/v2\/product_tag?post=61745"}],"curies":[{"name":"wp","href":"https:\/\/api.w.org\/{rel}","templated":true}]}}