{"id":61748,"date":"2025-08-17T18:54:28","date_gmt":"2025-08-17T16:54:28","guid":{"rendered":"https:\/\/ak47.nu\/produkt\/okategoriserad\/solglasogon-svarta-med-svart-lins-och-guld-detaljer\/"},"modified":"2026-01-13T16:53:35","modified_gmt":"2026-01-13T15:53:35","slug":"lunettes-soleil-noires-details-dores","status":"publish","type":"product","link":"https:\/\/ak47.nu\/fr\/produit\/tillbehor-2\/ovriga-tillbehor\/lunettes-soleil-noires-details-dores\/","title":{"rendered":"Lunettes de soleil noires d\u00e9tails dor\u00e9s & Protection UV400"},"content":{"rendered":"<h1>Lunettes de soleil noires avec verre noir et d\u00e9tails dor\u00e9s<\/h1>\n<h2>Lunettes de soleil tendance avec protection UV400<\/h2>\n<p>Lunettes de soleil noires avec une monture dor\u00e9e \u00e9l\u00e9gante sur la partie inf\u00e9rieure, combin\u00e9es \u00e0 un verre noir et \u00e0 de d\u00e9licats d\u00e9tails dor\u00e9s. Soyez tendance et prot\u00e9gez vos yeux des radiations nocives. Ces lunettes de soleil sont con\u00e7ues pour vous donner un look \u00e9l\u00e9gant tout en offrant une protection essentielle \u00e0 vos yeux.<\/p>\n<h3>Protection UV400<\/h3>\n<p>Les lunettes de soleil sont dot\u00e9es d'une protection UV400, ce qui signifie qu'elles filtrent les radiations nocives et la lumi\u00e8re jusqu'\u00e0 une longueur d'onde de 400 nanom\u00e8tres. Cela prot\u00e8ge vos yeux des effets nocifs des rayons du soleil.<\/p>\n<h3>Informations sur le produit<\/h3>\n<ul>\n <li>Largeur du pont de nez : ~20 mm<\/li>\n <li>Largeur des verres : ~49 mm<\/li>\n <li>Longueur des branches : ~14,5 cm<\/li>\n <li>Couleur de la monture : Noir \/ Or<\/li>\n <li>Couleur des verres : Noir<\/li>\n <li>Poids : ~29g<\/li>\n<\/ul>\n<p>D\u00e9couvrez d'autres <a href=\"https:\/\/ak47.nu\/fr\/butik\/\">lunettes de soleil<\/a> tendance dans notre s\u00e9lection. Explorez notre large gamme d'<a href=\"https:\/\/ak47.nu\/fr\/tillbehor-2\/ovriga-tillbehor\/\">accessoires<\/a> et trouvez vos nouveaux favoris. Pour plus d'informations sur notre gamme, visitez notre <a href=\"https:\/\/ak47.nu\/fr\/\">page d'accueil<\/a>.<\/p>","protected":false},"excerpt":{"rendered":"<p>Hitta de trendigaste solglas\u00f6gonen i svart med svarta linser och eleganta guld detaljer. Perfekta f\u00f6r att skydda dina \u00f6gon samtidigt som du ser stilfull ut. Utforska v\u00e5rt sortiment av solglas\u00f6gon online idag!<\/p>","protected":false},"featured_media":61747,"template":"","meta":[],"product_brand":[],"product_cat":[475],"product_tag":[],"class_list":{"0":"post-61748","1":"product","2":"type-product","3":"status-publish","4":"has-post-thumbnail","6":"product_cat-ovriga-tillbehor","7":"pa_brand-no-brand","9":"first","10":"instock","11":"sale","12":"taxable","13":"shipping-taxable","14":"purchasable","15":"product-type-simple"},"_links":{"self":[{"href":"https:\/\/ak47.nu\/fr\/wp-json\/wp\/v2\/product\/61748","targetHints":{"allow":["GET"]}}],"collection":[{"href":"https:\/\/ak47.nu\/fr\/wp-json\/wp\/v2\/product"}],"about":[{"href":"https:\/\/ak47.nu\/fr\/wp-json\/wp\/v2\/types\/product"}],"wp:featuredmedia":[{"embeddable":true,"href":"https:\/\/ak47.nu\/fr\/wp-json\/wp\/v2\/media\/61747"}],"wp:attachment":[{"href":"https:\/\/ak47.nu\/fr\/wp-json\/wp\/v2\/media?parent=61748"}],"wp:term":[{"taxonomy":"product_brand","embeddable":true,"href":"https:\/\/ak47.nu\/fr\/wp-json\/wp\/v2\/product_brand?post=61748"},{"taxonomy":"product_cat","embeddable":true,"href":"https:\/\/ak47.nu\/fr\/wp-json\/wp\/v2\/product_cat?post=61748"},{"taxonomy":"product_tag","embeddable":true,"href":"https:\/\/ak47.nu\/fr\/wp-json\/wp\/v2\/product_tag?post=61748"}],"curies":[{"name":"wp","href":"https:\/\/api.w.org\/{rel}","templated":true}]}}