{"id":61751,"date":"2025-08-17T18:54:37","date_gmt":"2025-08-17T16:54:37","guid":{"rendered":"https:\/\/ak47.nu\/produkt\/okategoriserad\/runda-solglasogon-silver-med-svart-lins-och-metallgaller-kors\/"},"modified":"2026-03-25T18:58:32","modified_gmt":"2026-03-25T17:58:32","slug":"lunettes-de-soleil-rondes-argent-verres-grille","status":"publish","type":"product","link":"https:\/\/ak47.nu\/fr\/produit\/tillbehor-2\/ovriga-tillbehor\/lunettes-de-soleil-rondes-argent-verres-grille\/","title":{"rendered":"Lunettes de soleil rondes Argent Verres noirs Grille"},"content":{"rendered":"<h1>Lunettes de soleil rondes argent\u00e9es avec verres noirs et croix de grille m\u00e9tallique<\/h1>\n<h2>Lunettes de soleil \u00e9l\u00e9gantes avec des d\u00e9tails uniques<\/h2>\n<p>Ces \u00e9l\u00e9gantes lunettes de soleil rondes argent\u00e9es allient style et fonctionnalit\u00e9. Le verre noir contraste \u00e9l\u00e9gamment avec la monture argent\u00e9e, tandis que la grille m\u00e9tallique rabattable avec un motif perfor\u00e9, comprenant une croix, ajoute un d\u00e9tail unique et original. Parfait pour ceux qui veulent se d\u00e9marquer de la foule.<\/p>\n<h3>Protection UV pour vos yeux<\/h3>\n<p>Les lunettes de soleil sont \u00e9quip\u00e9es d'une protection UV, ce qui signifie qu'elles filtrent efficacement les radiations nocives et la lumi\u00e8re forte. Prot\u00e9gez vos yeux avec style ! Trouvez d'autres <a href=\"https:\/\/ak47.nu\/fr\/butik\/\">lunettes de soleil<\/a> \u00e9l\u00e9gantes dans notre gamme. Ne manquez pas nos autres <a href=\"https:\/\/ak47.nu\/fr\/tillbehor-2\/ovriga-tillbehor\/\">accessoires<\/a> pour compl\u00e9ter votre look. Pour plus d'informations sur notre s\u00e9lection, visitez notre <a href=\"https:\/\/ak47.nu\/fr\/\">page d'accueil<\/a>.<\/p>\n<h3>Sp\u00e9cifications :<\/h3>\n<ul>\n <li>Largeur du pont de nez : ~19 mm<\/li>\n <li>Largeur des verres : ~47 mm<\/li>\n <li>Longueur des branches : ~13 cm<\/li>\n <li>Couleur de la monture : Argent<\/li>\n <li>Couleur des verres : Noir<\/li>\n <li>Poids : 34g<\/li>\n<\/ul>","protected":false},"excerpt":{"rendered":"<p>Hitta de b\u00e4sta runda solglas\u00f6gonen i silver med svart lins och metallgaller kors. Utforska v\u00e5rt sortiment av trendiga solglas\u00f6gon f\u00f6r att hitta din perfekta stil. K\u00f6p nu och f\u00e5 snabb leverans och fri retur.<\/p>","protected":false},"featured_media":61749,"template":"","meta":[],"product_brand":[],"product_cat":[475],"product_tag":[],"class_list":{"0":"post-61751","1":"product","2":"type-product","3":"status-publish","4":"has-post-thumbnail","6":"product_cat-ovriga-tillbehor","7":"pa_brand-no-brand","9":"first","10":"instock","11":"sale","12":"taxable","13":"shipping-taxable","14":"purchasable","15":"product-type-simple"},"_links":{"self":[{"href":"https:\/\/ak47.nu\/fr\/wp-json\/wp\/v2\/product\/61751","targetHints":{"allow":["GET"]}}],"collection":[{"href":"https:\/\/ak47.nu\/fr\/wp-json\/wp\/v2\/product"}],"about":[{"href":"https:\/\/ak47.nu\/fr\/wp-json\/wp\/v2\/types\/product"}],"wp:featuredmedia":[{"embeddable":true,"href":"https:\/\/ak47.nu\/fr\/wp-json\/wp\/v2\/media\/61749"}],"wp:attachment":[{"href":"https:\/\/ak47.nu\/fr\/wp-json\/wp\/v2\/media?parent=61751"}],"wp:term":[{"taxonomy":"product_brand","embeddable":true,"href":"https:\/\/ak47.nu\/fr\/wp-json\/wp\/v2\/product_brand?post=61751"},{"taxonomy":"product_cat","embeddable":true,"href":"https:\/\/ak47.nu\/fr\/wp-json\/wp\/v2\/product_cat?post=61751"},{"taxonomy":"product_tag","embeddable":true,"href":"https:\/\/ak47.nu\/fr\/wp-json\/wp\/v2\/product_tag?post=61751"}],"curies":[{"name":"wp","href":"https:\/\/api.w.org\/{rel}","templated":true}]}}