{"id":61775,"date":"2025-08-17T18:56:33","date_gmt":"2025-08-17T16:56:33","guid":{"rendered":"https:\/\/ak47.nu\/produkt\/okategoriserad\/smala-runda-solglasogon-guld-med-gron-lins\/"},"modified":"2026-04-17T15:29:38","modified_gmt":"2026-04-17T13:29:38","slug":"lunettes-de-soleil-fines-rondes-or-vert","status":"publish","type":"product","link":"https:\/\/ak47.nu\/fr\/produit\/tillbehor-2\/ovriga-tillbehor\/lunettes-de-soleil-fines-rondes-or-vert\/","title":{"rendered":"Lunettes de soleil fines or\/vert | Protection UV"},"content":{"rendered":"<h1>Lunettes de soleil fines rondes or avec verres verts<\/h1>\n<h2>Lunettes de soleil \u00e9l\u00e9gantes pour enfants et adolescents<\/h2>\n<p>Ces <strong>lunettes de soleil fines et rondes en or avec des verres verts<\/strong>  sont un incontournable pour les personnes soucieuses de la mode! Parfaites pour les enfants plus \u00e2g\u00e9s et les adolescents qui souhaitent prot\u00e9ger leurs yeux avec style. La protection UV filtre efficacement les rayonnements nocifs et la lumi\u00e8re forte, ce qui les rend id\u00e9ales pour les journ\u00e9es ensoleill\u00e9es. Compl\u00e9tez votre look avec ces <a href=\"https:\/\/ak47.nu\/fr\/butik\/\">lunettes de soleil dor\u00e9es<\/a> tendance qui allient fonctionnalit\u00e9 et mode.<\/p>\n\n<h3>Sp\u00e9cifications du produit<\/h3>\n<ul>\n    <li><strong>Design:<\/strong> Mod\u00e8le fin et rond<\/li>\n    <li><strong>Couleur:<\/strong> Monture dor\u00e9e avec verres verts<\/li>\n    <li><strong>Protection UV:<\/strong> Filtre les rayonnements et la lumi\u00e8re nocifs<\/li>\n<\/ul>\n\n<h3>D\u00e9tails<\/h3>\n<ul>\n    <li>Largeur du pont de nez\u00a0: ~20\u00a0mm<\/li>\n    <li>Largeur des verres\u00a0: ~37\u00a0mm<\/li>\n    <li>Longueur des branches\u00a0: ~12,6\u00a0cm<\/li>\n    <li>Couleur de la monture\u00a0: Or<\/li>\n    <li>Couleur des verres\u00a0: Vert<\/li>\n    <li>Poids\u00a0: 17\u00a0g<\/li>\n<\/ul>\n\n<p>Pesant seulement 17 grammes, ces <a href=\"https:\/\/ak47.nu\/fr\/tillbehor-2\/ovriga-tillbehor\/\">lunettes de soleil<\/a> sont l\u00e9g\u00e8res et confortables \u00e0 porter toute la journ\u00e9e. La conception mince les rend particuli\u00e8rement adapt\u00e9s aux visages plus \u00e9troits. Offrez-vous ou offrez \u00e0 quelqu'un qui vous est cher une paire de lunettes de soleil tendance qui prot\u00e8gent les yeux tout en ajoutant une touche \u00e9l\u00e9gante \u00e0 votre tenue. Commandez vos nouvelles lunettes de soleil pr\u00e9f\u00e9r\u00e9es d\u00e8s aujourd'hui sur notre <a href=\"https:\/\/ak47.nu\/fr\/\">boutique en ligne<\/a>\u00a0!<\/p>","protected":false},"excerpt":{"rendered":"<p>K\u00f6p smala runda solglas\u00f6gon guld med gr\u00f6n lins online | B\u00e4sta priser och kvalitet | Fri frakt<\/p>","protected":false},"featured_media":61774,"template":"","meta":[],"product_brand":[],"product_cat":[475],"product_tag":[],"class_list":{"0":"post-61775","1":"product","2":"type-product","3":"status-publish","4":"has-post-thumbnail","6":"product_cat-ovriga-tillbehor","7":"pa_brand-no-brand","9":"first","10":"instock","11":"sale","12":"taxable","13":"shipping-taxable","14":"purchasable","15":"product-type-simple"},"_links":{"self":[{"href":"https:\/\/ak47.nu\/fr\/wp-json\/wp\/v2\/product\/61775","targetHints":{"allow":["GET"]}}],"collection":[{"href":"https:\/\/ak47.nu\/fr\/wp-json\/wp\/v2\/product"}],"about":[{"href":"https:\/\/ak47.nu\/fr\/wp-json\/wp\/v2\/types\/product"}],"wp:featuredmedia":[{"embeddable":true,"href":"https:\/\/ak47.nu\/fr\/wp-json\/wp\/v2\/media\/61774"}],"wp:attachment":[{"href":"https:\/\/ak47.nu\/fr\/wp-json\/wp\/v2\/media?parent=61775"}],"wp:term":[{"taxonomy":"product_brand","embeddable":true,"href":"https:\/\/ak47.nu\/fr\/wp-json\/wp\/v2\/product_brand?post=61775"},{"taxonomy":"product_cat","embeddable":true,"href":"https:\/\/ak47.nu\/fr\/wp-json\/wp\/v2\/product_cat?post=61775"},{"taxonomy":"product_tag","embeddable":true,"href":"https:\/\/ak47.nu\/fr\/wp-json\/wp\/v2\/product_tag?post=61775"}],"curies":[{"name":"wp","href":"https:\/\/api.w.org\/{rel}","templated":true}]}}