{"id":61781,"date":"2025-08-17T18:56:50","date_gmt":"2025-08-17T16:56:50","guid":{"rendered":"https:\/\/ak47.nu\/produkt\/okategoriserad\/solglasogon-guld-skoldpaddsfargade-med-rod-orange-lins\/"},"modified":"2026-02-18T15:53:39","modified_gmt":"2026-02-18T14:53:39","slug":"lunettes-de-soleil-or-ecaille-verres-rouge-orange","status":"publish","type":"product","link":"https:\/\/ak47.nu\/fr\/produit\/tillbehor-2\/ovriga-tillbehor\/lunettes-de-soleil-or-ecaille-verres-rouge-orange\/","title":{"rendered":"Lunettes de soleil Or, \u00c9caille | Verres Rouge\/Orange"},"content":{"rendered":"<h1>Lunettes de soleil Or, \u00c9caille avec Verres Rouge\/Orange<\/h1>\n<h2>Lunettes de soleil tendance avec protection UV<\/h2>\n<p>Une paire \u00e9l\u00e9gante de lunettes de soleil ovales dor\u00e9es et \u00e9caille avec des verres rouge\/orange. Soyez tendance tout en prot\u00e9geant vos yeux. Ces lunettes de soleil sont dot\u00e9es d'une protection UV, filtrant les radiations nocives et la lumi\u00e8re vive, ce qui les rend id\u00e9ales pour les journ\u00e9es ensoleill\u00e9es. Ces lunettes de soleil allient style et fonctionnalit\u00e9 de la meilleure fa\u00e7on.<\/p>\n<h3>D\u00e9tails et sp\u00e9cifications<\/h3>\n<ul>\n <li><strong>Design:<\/strong> Lunettes de soleil ovales<\/li>\n <li><strong>Couleurs:<\/strong> Monture dor\u00e9e et \u00e9caille avec verres rouge\/orange<\/li>\n <li><strong>Protection UV:<\/strong> Filtre les radiations et la lumi\u00e8re nocives<\/li>\n<\/ul>\n<h3>Mesures du produit<\/h3>\n<ul>\n <li>Largeur du pont de nez\u00a0: ~20\u00a0mm<\/li>\n <li>Largeur des verres\u00a0: ~52\u00a0mm<\/li>\n <li>Longueur des branches\u00a0: ~14\u00a0cm<\/li>\n <li>Poids\u00a0: ~27\u00a0g<\/li>\n<\/ul>\n<h3>Mat\u00e9riaux et construction<\/h3>\n<p>La monture est de couleur dor\u00e9e avec des accents noirs autour du verre, ce qui lui donne une touche \u00e9l\u00e9gante. Les verres rouge\/orange offrent non seulement un look unique, mais contribuent \u00e9galement \u00e0 augmenter le contraste dans certaines conditions d'\u00e9clairage. Prot\u00e9gez vos yeux avec style \u2013 ces lunettes de soleil sont un incontournable de votre collection d'accessoires. Consultez notre s\u00e9lection d'autres <a href=\"https:\/\/ak47.nu\/fr\/butik\/\">lunettes de soleil similaires<\/a> pour trouver votre mod\u00e8le parfait. Pour plus d'informations sur nos produits et nos offres, visitez notre <a href=\"https:\/\/ak47.nu\/fr\/\">page d'accueil<\/a>. D\u00e9couvrez d\u00e8s aujourd'hui notre large gamme d'<a href=\"https:\/\/ak47.nu\/fr\/tillbehor-2\/ovriga-tillbehor\/\">accessoires<\/a>\u00a0!<\/p>","protected":false},"excerpt":{"rendered":"<p>K\u00f6p trendiga solglas\u00f6gon i guld med sk\u00f6ldpaddsf\u00e4rgade b\u00e5gar och R\u00f6d\/Orange lins &#8211; B\u00e4sta kvalitet till b\u00e4sta pris. Utforska v\u00e5rt sortiment och hitta din perfekta stil idag!<\/p>","protected":false},"featured_media":61780,"template":"","meta":[],"product_brand":[],"product_cat":[475],"product_tag":[],"class_list":{"0":"post-61781","1":"product","2":"type-product","3":"status-publish","4":"has-post-thumbnail","6":"product_cat-ovriga-tillbehor","7":"pa_brand-no-brand","9":"first","10":"outofstock","11":"sale","12":"taxable","13":"shipping-taxable","14":"purchasable","15":"product-type-simple"},"_links":{"self":[{"href":"https:\/\/ak47.nu\/fr\/wp-json\/wp\/v2\/product\/61781","targetHints":{"allow":["GET"]}}],"collection":[{"href":"https:\/\/ak47.nu\/fr\/wp-json\/wp\/v2\/product"}],"about":[{"href":"https:\/\/ak47.nu\/fr\/wp-json\/wp\/v2\/types\/product"}],"wp:featuredmedia":[{"embeddable":true,"href":"https:\/\/ak47.nu\/fr\/wp-json\/wp\/v2\/media\/61780"}],"wp:attachment":[{"href":"https:\/\/ak47.nu\/fr\/wp-json\/wp\/v2\/media?parent=61781"}],"wp:term":[{"taxonomy":"product_brand","embeddable":true,"href":"https:\/\/ak47.nu\/fr\/wp-json\/wp\/v2\/product_brand?post=61781"},{"taxonomy":"product_cat","embeddable":true,"href":"https:\/\/ak47.nu\/fr\/wp-json\/wp\/v2\/product_cat?post=61781"},{"taxonomy":"product_tag","embeddable":true,"href":"https:\/\/ak47.nu\/fr\/wp-json\/wp\/v2\/product_tag?post=61781"}],"curies":[{"name":"wp","href":"https:\/\/api.w.org\/{rel}","templated":true}]}}