{"id":61795,"date":"2025-08-17T18:57:28","date_gmt":"2025-08-17T16:57:28","guid":{"rendered":"https:\/\/ak47.nu\/produkt\/okategoriserad\/solglasogon-bruna-skolskoldpaddsfargade\/"},"modified":"2025-12-03T22:56:41","modified_gmt":"2025-12-03T21:56:41","slug":"lunettes-de-soleil-brunes-ecaille","status":"publish","type":"product","link":"https:\/\/ak47.nu\/fr\/produit\/tillbehor-2\/ovriga-tillbehor\/lunettes-de-soleil-brunes-ecaille\/","title":{"rendered":"Lunettes de soleil brunes \u00e9caille"},"content":{"rendered":"<h1>Lunettes de soleil brunes \u00e9caille<\/h1>\n<h2>Lunettes de soleil \u00e9l\u00e9gantes avec protection UV400<\/h2>\n<p>Ces lunettes de soleil brunes \u00e9caille \u00e9l\u00e9gantes sont l'accessoire parfait pour rester tendance tout en prot\u00e9geant vos yeux. Les lunettes de soleil sont dot\u00e9es d'une protection UV400, filtrant les rayonnements nocifs et la lumi\u00e8re jusqu'\u00e0 une longueur d'onde de 400 nanom\u00e8tres. Avec leur design ovale et leurs verres bruns, ces lunettes de soleil sont un choix \u00e9l\u00e9gant pour toutes les occasions. D\u00e9couvrez notre s\u00e9lection d'<a href=\"https:\/\/ak47.nu\/fr\/butik\/\">autres lunettes de soleil \u00e9l\u00e9gantes<\/a>.<\/p>\n\n<h3>Informations sur le produit<\/h3>\n<ul>\n <li><strong>Design :<\/strong> Lunettes de soleil ovales<\/li>\n <li><strong>Couleur :<\/strong> \u00c9caille brune<\/li>\n <li><strong>Couleur des verres :<\/strong> Brun<\/li>\n <li><strong>Protection UV :<\/strong> UV400 (filtre jusqu'\u00e0 400 nm)<\/li>\n <li><strong>Poids :<\/strong> 23g<\/li>\n<\/ul>\n\n<h3>Mesures d\u00e9taill\u00e9es<\/h3>\n<ul>\n <li><strong>Largeur du pont de nez :<\/strong> ~20 mm<\/li>\n <li><strong>Largeur des verres :<\/strong> ~55 mm<\/li>\n <li><strong>Longueur des branches :<\/strong> ~14 cm<\/li>\n<\/ul>\n<p>Prot\u00e9gez vos yeux avec style ! Ces lunettes de soleil combinent parfaitement mode et fonctionnalit\u00e9. Vous voulez voir plus d'options ? Visitez notre <a href=\"https:\/\/ak47.nu\/fr\/tillbehor-2\/ovriga-tillbehor\/\">cat\u00e9gorie de lunettes de soleil<\/a> et trouvez vos pr\u00e9f\u00e9r\u00e9es. Pour voir toute notre gamme de produits, visitez <a href=\"https:\/\/ak47.nu\/fr\/\">notre page d'accueil<\/a>.<\/p>","protected":false},"excerpt":{"rendered":"<p>K\u00f6p bruna sk\u00f6ldpaddsf\u00e4rgade solglas\u00f6gon online &#8211; perfekt f\u00f6r att skydda dina \u00f6gon i solen. Uppt\u00e4ck v\u00e5rt breda utbud av solglas\u00f6gon i sk\u00f6ldpaddsf\u00e4rgade nyanser och v\u00e4lj din favoritstil idag. Handla nu f\u00f6r att f\u00e5 den perfekta kombinationen av stil och solskydd.<\/p>","protected":false},"featured_media":61794,"template":"","meta":[],"product_brand":[],"product_cat":[475],"product_tag":[],"class_list":{"0":"post-61795","1":"product","2":"type-product","3":"status-publish","4":"has-post-thumbnail","6":"product_cat-ovriga-tillbehor","7":"pa_brand-no-brand","9":"first","10":"instock","11":"sale","12":"taxable","13":"shipping-taxable","14":"purchasable","15":"product-type-simple"},"_links":{"self":[{"href":"https:\/\/ak47.nu\/fr\/wp-json\/wp\/v2\/product\/61795","targetHints":{"allow":["GET"]}}],"collection":[{"href":"https:\/\/ak47.nu\/fr\/wp-json\/wp\/v2\/product"}],"about":[{"href":"https:\/\/ak47.nu\/fr\/wp-json\/wp\/v2\/types\/product"}],"wp:featuredmedia":[{"embeddable":true,"href":"https:\/\/ak47.nu\/fr\/wp-json\/wp\/v2\/media\/61794"}],"wp:attachment":[{"href":"https:\/\/ak47.nu\/fr\/wp-json\/wp\/v2\/media?parent=61795"}],"wp:term":[{"taxonomy":"product_brand","embeddable":true,"href":"https:\/\/ak47.nu\/fr\/wp-json\/wp\/v2\/product_brand?post=61795"},{"taxonomy":"product_cat","embeddable":true,"href":"https:\/\/ak47.nu\/fr\/wp-json\/wp\/v2\/product_cat?post=61795"},{"taxonomy":"product_tag","embeddable":true,"href":"https:\/\/ak47.nu\/fr\/wp-json\/wp\/v2\/product_tag?post=61795"}],"curies":[{"name":"wp","href":"https:\/\/api.w.org\/{rel}","templated":true}]}}