{"id":61800,"date":"2025-08-17T18:58:02","date_gmt":"2025-08-17T16:58:02","guid":{"rendered":"https:\/\/ak47.nu\/produkt\/okategoriserad\/solglasogon-svarta-med-svart-lins\/"},"modified":"2026-01-13T16:53:39","modified_gmt":"2026-01-13T15:53:39","slug":"lunettes-de-soleil-noires-avec-verres-noirs-2","status":"publish","type":"product","link":"https:\/\/ak47.nu\/fr\/produit\/tillbehor-2\/ovriga-tillbehor\/lunettes-de-soleil-noires-avec-verres-noirs-2\/","title":{"rendered":"Lunettes de Soleil Noires Verres Noirs | Protection UV400"},"content":{"rendered":"<h1>Lunettes de Soleil Noires avec Verres Noirs<\/h1>\n<h2>Lunettes de soleil noires tendance pour une protection optimale<\/h2>\n<p>Ces <strong>lunettes de soleil noires<\/strong> allient style et fonctionnalit\u00e9, avec une monture plus \u00e9paisse autour des verres et des d\u00e9tails couleur \u00e9caille aux extr\u00e9mit\u00e9s des branches. Soyez tendance et prot\u00e9gez vos yeux en m\u00eame temps ! Les lunettes de soleil ont une <strong>protection UV400<\/strong>, ce qui signifie qu'elles filtrent les rayonnements nocifs et la lumi\u00e8re jusqu'\u00e0 une longueur d'onde de 400 nanom\u00e8tres. Prot\u00e9gez vos yeux avec style - d\u00e9couvrez notre s\u00e9lection d'<a href=\"https:\/\/ak47.nu\/fr\/butik\/\">autres lunettes de soleil<\/a> d\u00e8s aujourd'hui.<\/p>\n\n<h3>Protection UV400 et design \u00e9l\u00e9gant<\/h3>\n<p>Ces lunettes de soleil ovales et \u00e9l\u00e9gantes avec des verres noirs sont un choix parfait pour toutes les occasions. Avec un pont de nez d'environ 15 mm et une largeur de verre d'environ 55 mm, elles offrent un ajustement confortable. La longueur des branches est de 14 cm, offrant un confort optimal. D\u00e9couvrez notre gamme d'<a href=\"https:\/\/ak47.nu\/fr\/tillbehor-2\/ovriga-tillbehor\/\">accessoires<\/a> pour compl\u00e9ter votre style.<\/p>\n\n<ul>\n  <li><strong>Couleur de la monture :<\/strong> Noir<\/li>\n  <li><strong>Couleur des verres :<\/strong> Noir<\/li>\n  <li><strong>Poids :<\/strong> 21g<\/li>\n<\/ul>\n\n<h3>Informations sur le produit et avantages<\/h3>\n<p>Ces lunettes de soleil ne sont pas seulement un accessoire de mode, mais aussi une protection essentielle pour vos yeux. Le mat\u00e9riau l\u00e9ger les rend confortables \u00e0 porter toute la journ\u00e9e. Visitez <a href=\"https:\/\/ak47.nu\/fr\/\">notre site web<\/a> pour voir la collection compl\u00e8te et trouver vos pr\u00e9f\u00e9r\u00e9es !<\/p>","protected":false},"excerpt":{"rendered":"<p>Hitta de b\u00e4sta svarta solglas\u00f6gonen med svart lins &#8211; Perfekt f\u00f6r att skydda dina \u00f6gon och se snygg ut. Utforska v\u00e5rt sortiment av solglas\u00f6gon med svarta b\u00e5gar och svarta linser f\u00f6r att hitta din perfekta stil. K\u00f6p nu och njut av solen med stil och skydd.<\/p>","protected":false},"featured_media":61799,"template":"","meta":[],"product_brand":[],"product_cat":[475],"product_tag":[],"class_list":{"0":"post-61800","1":"product","2":"type-product","3":"status-publish","4":"has-post-thumbnail","6":"product_cat-ovriga-tillbehor","7":"pa_brand-no-brand","9":"first","10":"instock","11":"sale","12":"taxable","13":"shipping-taxable","14":"purchasable","15":"product-type-simple"},"_links":{"self":[{"href":"https:\/\/ak47.nu\/fr\/wp-json\/wp\/v2\/product\/61800","targetHints":{"allow":["GET"]}}],"collection":[{"href":"https:\/\/ak47.nu\/fr\/wp-json\/wp\/v2\/product"}],"about":[{"href":"https:\/\/ak47.nu\/fr\/wp-json\/wp\/v2\/types\/product"}],"wp:featuredmedia":[{"embeddable":true,"href":"https:\/\/ak47.nu\/fr\/wp-json\/wp\/v2\/media\/61799"}],"wp:attachment":[{"href":"https:\/\/ak47.nu\/fr\/wp-json\/wp\/v2\/media?parent=61800"}],"wp:term":[{"taxonomy":"product_brand","embeddable":true,"href":"https:\/\/ak47.nu\/fr\/wp-json\/wp\/v2\/product_brand?post=61800"},{"taxonomy":"product_cat","embeddable":true,"href":"https:\/\/ak47.nu\/fr\/wp-json\/wp\/v2\/product_cat?post=61800"},{"taxonomy":"product_tag","embeddable":true,"href":"https:\/\/ak47.nu\/fr\/wp-json\/wp\/v2\/product_tag?post=61800"}],"curies":[{"name":"wp","href":"https:\/\/api.w.org\/{rel}","templated":true}]}}