{"id":61802,"date":"2025-08-17T18:58:11","date_gmt":"2025-08-17T16:58:11","guid":{"rendered":"https:\/\/ak47.nu\/produkt\/okategoriserad\/solglasogon-ovala-guld\/"},"modified":"2026-01-12T22:23:34","modified_gmt":"2026-01-12T21:23:34","slug":"lunettes-de-soleil-ovales-dorees-uv400","status":"publish","type":"product","link":"https:\/\/ak47.nu\/fr\/produit\/tillbehor-2\/ovriga-tillbehor\/lunettes-de-soleil-ovales-dorees-uv400\/","title":{"rendered":"Lunettes de soleil ovales dor\u00e9es avec protection UV400"},"content":{"rendered":"<h1>Lunettes de soleil ovales dor\u00e9es<\/h1>\n<h2>Lunettes de soleil tendance avec protection UV<\/h2>\n<p>Ces <strong>lunettes de soleil ovales dor\u00e9es<\/strong> allient style et fonctionnalit\u00e9. Prot\u00e9gez vos yeux tout en restant tendance avec ces lunettes de soleil \u00e9l\u00e9gantes. Dot\u00e9es de verres noirs et d'un poids l\u00e9ger de seulement 20 g, elles sont confortables \u00e0 porter toute la journ\u00e9e. Parfaites pour les journ\u00e9es ensoleill\u00e9es et les passionn\u00e9s de mode.<\/p>\n\n<h3>Protection UV<\/h3>\n<p>Les lunettes de soleil sont dot\u00e9es d'une protection UV400, ce qui signifie qu'elles filtrent les rayonnements nocifs et la lumi\u00e8re jusqu'\u00e0 une longueur d'onde de 400 nanom\u00e8tres. Cela prot\u00e8ge vos yeux contre les dangereux rayons UV du soleil. Compl\u00e9tez votre look et prenez soin de vos yeux avec ces lunettes de soleil \u00e9l\u00e9gantes. D\u00e9couvrez d'autres <a href=\"https:\/\/ak47.nu\/fr\/butik\/\">accessoires tendance<\/a> dans notre gamme.<\/p>\n\n<h3>Informations sur le produit<\/h3>\n<ul>\n    <li><strong>Mod\u00e8le :<\/strong> Lunettes de soleil ovales<\/li>\n    <li><strong>Couleur de la monture :<\/strong> Or<\/li>\n    <li><strong>Couleur des verres :<\/strong> Noir<\/li>\n    <li><strong>Poids :<\/strong> 20g<\/li>\n<\/ul>\n\n<h3>Mesures<\/h3>\n<ul>\n    <li><strong>Largeur du pont de nez :<\/strong> ~20 mm<\/li>\n    <li><strong>Largeur des verres :<\/strong> ~58 mm<\/li>\n    <li><strong>Longueur des branches :<\/strong> ~13,5 cm<\/li>\n<\/ul>\n<p>Vous cherchez plus d'options ? Consultez notre <a href=\"https:\/\/ak47.nu\/fr\/tillbehor-2\/ovriga-tillbehor\/\">cat\u00e9gorie de lunettes de soleil<\/a> pour trouver la paire parfaite. Ne manquez pas non plus nos autres produits sur la <a href=\"https:\/\/ak47.nu\/fr\/\">page d'accueil<\/a>.<\/p>","protected":false},"excerpt":{"rendered":"<p>Hitta de b\u00e4sta ovala guld solglas\u00f6gonen f\u00f6r att skydda dina \u00f6gon fr\u00e5n solen. Utforska v\u00e5rt breda sortiment och v\u00e4lj solglas\u00f6gon som passar din stil och behov. K\u00f6p nu f\u00f6r att f\u00e5 den perfekta kombinationen av mode och skydd.<\/p>","protected":false},"featured_media":61801,"template":"","meta":[],"product_brand":[],"product_cat":[475],"product_tag":[],"class_list":{"0":"post-61802","1":"product","2":"type-product","3":"status-publish","4":"has-post-thumbnail","6":"product_cat-ovriga-tillbehor","7":"pa_brand-no-brand","9":"first","10":"instock","11":"sale","12":"taxable","13":"shipping-taxable","14":"purchasable","15":"product-type-simple"},"_links":{"self":[{"href":"https:\/\/ak47.nu\/fr\/wp-json\/wp\/v2\/product\/61802","targetHints":{"allow":["GET"]}}],"collection":[{"href":"https:\/\/ak47.nu\/fr\/wp-json\/wp\/v2\/product"}],"about":[{"href":"https:\/\/ak47.nu\/fr\/wp-json\/wp\/v2\/types\/product"}],"wp:featuredmedia":[{"embeddable":true,"href":"https:\/\/ak47.nu\/fr\/wp-json\/wp\/v2\/media\/61801"}],"wp:attachment":[{"href":"https:\/\/ak47.nu\/fr\/wp-json\/wp\/v2\/media?parent=61802"}],"wp:term":[{"taxonomy":"product_brand","embeddable":true,"href":"https:\/\/ak47.nu\/fr\/wp-json\/wp\/v2\/product_brand?post=61802"},{"taxonomy":"product_cat","embeddable":true,"href":"https:\/\/ak47.nu\/fr\/wp-json\/wp\/v2\/product_cat?post=61802"},{"taxonomy":"product_tag","embeddable":true,"href":"https:\/\/ak47.nu\/fr\/wp-json\/wp\/v2\/product_tag?post=61802"}],"curies":[{"name":"wp","href":"https:\/\/api.w.org\/{rel}","templated":true}]}}