{"id":61809,"date":"2025-08-17T18:59:51","date_gmt":"2025-08-17T16:59:51","guid":{"rendered":"https:\/\/ak47.nu\/produkt\/okategoriserad\/baltesspanne-skalle-och-ben-med-bling-2\/"},"modified":"2026-01-07T13:25:38","modified_gmt":"2026-01-07T12:25:38","slug":"boucle-de-ceinture-tete-de-mort-et-strass","status":"publish","type":"product","link":"https:\/\/ak47.nu\/fr\/produit\/tillbehor-2\/troupes\/boucle-de-ceinture-tete-de-mort-et-strass\/","title":{"rendered":"Boucle de Ceinture - Cr\u00e2ne et Os avec Bling - Dimensions"},"content":{"rendered":"<h1>Boucle de Ceinture avec Design Cr\u00e2ne et Os Incrust\u00e9 de Strass<\/h1><h2>Une Boucle de Ceinture Exclusive pour Affirmer Votre Style<\/h2><p>Rehaussez votre look avec cette boucle de ceinture unique qui marie l'audace et l'\u00e9l\u00e9gance. Cette boucle pr\u00e9sente un motif d\u00e9taill\u00e9 d'un cr\u00e2ne et d'os crois\u00e9s, orn\u00e9 de 'strass' (bling) pour un effet accrocheur qui ne manquera pas d'attirer les regards. C'est plus qu'un simple m\u00e9canisme de fixation; c'est une pi\u00e8ce ma\u00eetresse destin\u00e9e \u00e0 compl\u00e9ter votre style personnel. Explorez nos accessoires et consultez notre page https:\/\/ak47.nu\/tillbehor-2\/holsters\/ pour trouver l'article id\u00e9al. Vous pouvez \u00e9galement voir davantage d'articles uniques sur notre page d'accueil, https:\/\/ak47.nu\/.<\/p><h3>Sp\u00e9cifications D\u00e9taill\u00e9es<\/h3><p>Cette boucle de ceinture est con\u00e7ue pour \u00eatre robuste, tandis que ses dimensions garantissent une pr\u00e9sence impressionnante sur votre ceinture. Nous veillons \u00e0 ce que chaque d\u00e9tail de cette pi\u00e8ce de caract\u00e8re soit parfaitement conserv\u00e9 pour vous. Pour d\u00e9couvrir d'autres articles au design saisissant, visitez notre s\u00e9lection sur https:\/\/ak47.nu\/butik\/.<\/p><p>Veuillez examiner attentivement les mesures pour assurer un ajustement parfait :<\/p><ul><li>Hauteur: Environ 75 mm<\/li><li>Longueur: Environ 105 mm<\/li><li>Poids: Environ 121 g<\/li><\/ul><p>Cette boucle de ceinture solide est pr\u00eate \u00e0 faire partie de votre tenue quotidienne ou de vos \u00e9v\u00e9nements sp\u00e9ciaux. Assurez-vous d'avoir tout le n\u00e9cessaire pour un ensemble complet, y compris d'autres ceintures et https:\/\/ak47.nu\/tillbehor-2\/holsters\/.<\/p>","protected":false},"excerpt":{"rendered":"<p>Boucle de Ceinture avec Design Cr\u00e2ne et Os Incrust\u00e9 de StrassUne Boucle de Ceinture Exclusive pour Affirmer Votre StyleRehaussez votre look avec cette boucle de ceinture unique qui marie l&#8217;audace et l&#8217;\u00e9l\u00e9gance. Cette boucle pr\u00e9sente un motif d\u00e9taill\u00e9 d&#8217;un cr\u00e2ne et d&#8217;os crois\u00e9s, orn\u00e9 de &#8217;strass&#8217; (bling) pour un effet accrocheur qui ne manquera pas [&#8230;]","protected":false},"featured_media":61808,"template":"","meta":[],"product_brand":[],"product_cat":[563],"product_tag":[],"class_list":{"0":"post-61809","1":"product","2":"type-product","3":"status-publish","4":"has-post-thumbnail","6":"product_cat-holsters","7":"pa_brand-no-brand","8":"pa_farg-multifarg","10":"first","11":"instock","12":"sale","13":"taxable","14":"shipping-taxable","15":"purchasable","16":"product-type-simple"},"_links":{"self":[{"href":"https:\/\/ak47.nu\/fr\/wp-json\/wp\/v2\/product\/61809","targetHints":{"allow":["GET"]}}],"collection":[{"href":"https:\/\/ak47.nu\/fr\/wp-json\/wp\/v2\/product"}],"about":[{"href":"https:\/\/ak47.nu\/fr\/wp-json\/wp\/v2\/types\/product"}],"wp:featuredmedia":[{"embeddable":true,"href":"https:\/\/ak47.nu\/fr\/wp-json\/wp\/v2\/media\/61808"}],"wp:attachment":[{"href":"https:\/\/ak47.nu\/fr\/wp-json\/wp\/v2\/media?parent=61809"}],"wp:term":[{"taxonomy":"product_brand","embeddable":true,"href":"https:\/\/ak47.nu\/fr\/wp-json\/wp\/v2\/product_brand?post=61809"},{"taxonomy":"product_cat","embeddable":true,"href":"https:\/\/ak47.nu\/fr\/wp-json\/wp\/v2\/product_cat?post=61809"},{"taxonomy":"product_tag","embeddable":true,"href":"https:\/\/ak47.nu\/fr\/wp-json\/wp\/v2\/product_tag?post=61809"}],"curies":[{"name":"wp","href":"https:\/\/api.w.org\/{rel}","templated":true}]}}